{"id":18286,"date":"2022-02-02T11:49:41","date_gmt":"2022-02-02T10:49:41","guid":{"rendered":"https:\/\/cavaguilera.com\/descargo-de-responsabilidad\/"},"modified":"2022-02-02T11:49:41","modified_gmt":"2022-02-02T10:49:41","slug":"descarrec-de-responsabilitat","status":"publish","type":"page","link":"https:\/\/cavaguilera.com\/ca\/descargo-de-responsabilidad\/","title":{"rendered":"Desc\u00e0rrec de responsabilitat"},"content":{"rendered":"<!-- Legal document generated by Complianz | GDPR\/CCPA Cookie Consent https:\/\/wordpress.org\/plugins\/complianz-gdpr -->\n<div id=\"cmplz-document\" class=\"cmplz-document disclaimer cmplz-document-all\"><p>HERETAT GUILERA S.L. is committed to keeping this website up to date and accurate. Should you nevertheless encounter anything that is incorrect or out of date, we would appreciate it if you could let us know. Please indicate where on the website you read the information. We will then look at this as soon as possible. Please send your response by email to: &#105;&#110;fo&#064;ca&#118;ag&#117;i&#108;era&#046;&#099;om.<\/p><p>Aquesta no \u00e9s possible per als resultats com a inaccuracions o incompleteness, no per als resultats de problemes causats per inherent a la disseminaci\u00f3 d&#039;informaci\u00f3 mitjan\u00e7ant internet, com a disrupcions o interrupcions. Per mitj\u00e0 de formes web, ens permetr\u00e0 limitar el nombre de requeriments de fields a minimum. Per any els que tenen com a resultat l&#039;\u00fas d&#039;aquesta data, advice o idees prove\u00efdes o on behalf HERETAT GUILERA SL via this website, HERETAT GUILERA SL accepts no liability.<\/p><p>Utilitzant els llocs web i tots els seus components (incloent f\u00f2rums) \u00e9s subject to <a href=\"https:\/\/cavaguilera.com\/ca\/condicions-del-lloc-web\/\" target=\"_blank\">terms of use<\/a>. Aquesta manera d&#039;utilitzar aquest lloc web implica el coneixement i l&#039;acceptaci\u00f3 dels termes d&#039;\u00fas.<\/p><p>Responses i privacy inquiries submitted by email or using a web form will be treated in the same way as letters. Aquests problemes tenen una resposta a la resposta dels usuaris durant un per\u00edode de 1 hora al final. En cas de complexes requests, cal que tingueu acc\u00e9s a 1 hora i necessiteu m\u00e0xim 3 mesos.<\/p><p>Any personal data que us provide us amb el context de la vostra resposta o la requesta per a informacions que nom\u00e9s usen en acords per la seva privacy statement.<\/p><p>HERETAT GUILERA SL shall make every reasonable effort per protegir els seus sistemes against any form of unlawful use. HERETAT GUILERA SL shall implementant technical and organizational measures per a aquest end, per mitj\u00e0 d&#039;account, entre altres things, la ciutat de l&#039;art. However, la seva soluci\u00f3 no \u00e9s possible per any els whatsoever, direct i\/or indirect, suffered per a un lloc web, els arises com a resultat d&#039;unlawful use of its systems a third party.<\/p><p>HERETAT GUILERA SL accepts no responsibility per a l&#039;content de llocs web per a quina \u00e9s a trav\u00e9s de l&#039;hiperlink o d&#039;altres refer\u00e8ncies. Productes o serveis ofereixen per parts m\u00e9s baixes per subjectar a l&#039;applicable termes i condicions per parts partides.<\/p><p>Les employees shall make every effort to guarantee l&#039;accessibility del seu lloc web i per continuar improve it. Including for people who use special software due to a disability.<\/p><p>Aquest lloc web \u00e9s un sistema de built acordat amb el WCAG 2.1 level AA guidelines. Aquestes guidelines s\u00f3n internationally recollides agreements on accessibility, sustainability, interchangeability, i findability of websites.<\/p><p>All intelectual property rights to content on this website are vested in HERETAT GUILERA SL.<\/p><p>Copying, disseminating i any altres per a aquests materials no es permet sense acc\u00e9s a la permesa d&#039;HERETAT GUILERA SL, excepte i nom\u00e9s insofar les altres tipulades en regulacions de mandatora law (els seus drets a quote), unless specific contents dictats other.<\/p><p>Si teniu algunes q\u00fcestions o problemes amb l&#039;accessibility of website, si us plau no hesitate al contacte us.<\/p><\/div>","protected":false},"excerpt":{"rendered":"","protected":false},"author":5,"featured_media":0,"parent":0,"menu_order":0,"comment_status":"closed","ping_status":"closed","template":"","meta":{"_acf_changed":false,"footnotes":""},"class_list":["post-18286","page","type-page","status-publish","hentry"],"acf":[],"_links":{"self":[{"href":"https:\/\/cavaguilera.com\/ca\/wp-json\/wp\/v2\/pages\/18286","targetHints":{"allow":["GET"]}}],"collection":[{"href":"https:\/\/cavaguilera.com\/ca\/wp-json\/wp\/v2\/pages"}],"about":[{"href":"https:\/\/cavaguilera.com\/ca\/wp-json\/wp\/v2\/types\/page"}],"author":[{"embeddable":true,"href":"https:\/\/cavaguilera.com\/ca\/wp-json\/wp\/v2\/users\/5"}],"replies":[{"embeddable":true,"href":"https:\/\/cavaguilera.com\/ca\/wp-json\/wp\/v2\/comments?post=18286"}],"version-history":[{"count":0,"href":"https:\/\/cavaguilera.com\/ca\/wp-json\/wp\/v2\/pages\/18286\/revisions"}],"wp:attachment":[{"href":"https:\/\/cavaguilera.com\/ca\/wp-json\/wp\/v2\/media?parent=18286"}],"curies":[{"name":"wp","href":"https:\/\/api.w.org\/{rel}","templated":true}]}}