{"id":224,"date":"2018-06-10T22:30:51","date_gmt":"2018-06-10T22:30:51","guid":{"rendered":"http:\/\/cavaguilera.com\/?page_id=224"},"modified":"2018-11-03T10:14:41","modified_gmt":"2018-11-03T10:14:41","slug":"politica-de-cookies","status":"publish","type":"page","link":"https:\/\/cavaguilera.com\/ca\/politica-de-cookies\/","title":{"rendered":"Pol\u00edtica de Cookies"},"content":{"rendered":"<p>Les cookies s\u00f3n informacions breus que s&#039;envien i s&#039;emmagatzemen al disc dur de l&#039;ordinador de l&#039;usuari a trav\u00e9s del seu navegador quan aquest es connecta a una web. Les galetes es poden utilitzar per demanar i emmagatzemar dades de l&#039;usuari mentre est\u00e0 connectat per facilitar-vos els serveis sol\u00b7licitats i que no se solen conservar (Cookies de sessi\u00f3), o per conservar les dades de l&#039;usuari per a un altre tipus de serveis futurs i que es poden conservar per temps indefinit (Cookies persistents). Les galetes poden ser pr\u00f2pies o de tercers.<\/p>\n<h2>Hi ha diversos tipus de cookies:<\/h2>\n<p>Galetes t\u00e8cniques que faciliten la navegaci\u00f3 de l&#039;usuari i la utilitzaci\u00f3 de les diferents opcions o serveis que ofereix la web com identificar la sessi\u00f3, permetre l&#039;acc\u00e9s a determinades \u00e0rees, facilitar comandes, compres, emplenament de formularis, inscripcions, seguretat, facilitar funcionalitats (v\u00eddeos , xarxes socials\u2026).<br \/>\nGaletes de personalitzaci\u00f3 que permeten a l&#039;usuari accedir als serveis segons les seves prefer\u00e8ncies (idioma, navegador, configuraci\u00f3\u2026).<br \/>\nGaletes d&#039;an\u00e0lisi que permeten l&#039;an\u00e0lisi an\u00f2nima del comportament dels usuaris de la web i que permeten mesurar l&#039;activitat de l&#039;usuari i elaborar perfils de navegaci\u00f3 per tal de millorar els llocs web.<br \/>\nGaletes publicit\u00e0ries que permeten la gesti\u00f3 dels espais publicitaris de la web.<br \/>\nCookies de publicitat personalitzada que permeten la gesti\u00f3 dels espais publicitaris de la web en base al comportament i h\u00e0bits de navegaci\u00f3 d&#039;usuari, d&#039;on s&#039;obt\u00e9 el perfil i permeten personalitzar la publicitat que es mostra al navegador de l&#039;usuari.<\/p>\n<p>HERETAT GUILERA SL utilitza cookies t\u00e8cniques, de personalitzaci\u00f3 i d&#039;an\u00e0lisi, pr\u00f2pies i de tercers, que en cap cas no tracten dades de car\u00e0cter personal, per\u00f2 capten h\u00e0bits de navegaci\u00f3 per a fins estad\u00edstiques.<\/p>\n<p>Per aix\u00f2, en accedir a la nostra web, en compliment de l&#039;article 22 de la Llei de Serveis de la Societat de la Informaci\u00f3 us hem sol\u00b7licitat el vostre consentiment per al seu \u00fas.<\/p>\n<p>De tota manera, us informem que podeu activar o desactivar aquestes cookies seguint les instruccions del vostre navegador d&#039;Internet:<\/p>\n<p>Chrome: Configuraci\u00f3 -&gt; Mostrar opcions avan\u00e7ades -&gt; Privadesa -&gt; Configuraci\u00f3 de contingut.<br \/>\nFirefox: Eines -&gt; Opcions -&gt; Privadesa -&gt; Historial -&gt; Configuraci\u00f3 Personalitzada.<br \/>\nInternet Explorer: Eines -&gt; Opcions d&#039;Internet -&gt; Privadesa -&gt; Configuraci\u00f3.<br \/>\nSafari: Prefer\u00e8ncies -&gt; Seguretat.<br \/>\nOpera: Eines -&gt; Prefer\u00e8ncies -&gt; Edita prefer\u00e8ncies &gt; Cookies<br \/>\nEdge: Configuraci\u00f3 -&gt; Veure configuraci\u00f3 avan\u00e7ada -&gt; Privadesa i serveis -&gt; Cookies<br \/>\nPer a m\u00e9s informaci\u00f3, podeu consultar a l&#039;Ajuda del vostre navegador oa les p\u00e0gines de suport dels mateixos:<\/p>\n<p>Chrome: support.google.com<br \/>\nFireFox: support.mozilla.org<br \/>\nInternet Explorer: windows.microsoft.com<br \/>\nSafari: http:\/\/www.apple.com<br \/>\nOpera: http:\/\/www.opera.com\/help\/tutorials\/security\/cookies\/<br \/>\nEdge: https:\/\/privacy.microsoft.com\/es-es\/windows-10-microsoft-edge-and-privacy<\/p>","protected":false},"excerpt":{"rendered":"<p>Las cookies son breves informaciones que se env\u00edan y almacenan en el disco duro del ordenador del usuario a trav\u00e9s de su navegador cuando \u00e9ste se conecta a una web. Las cookies se pueden utilizar para recabar y almacenar datos del usuario mientras est\u00e1 conectado para facilitarle los servicios solicitados y que no se suelen [&hellip;]<\/p>\n","protected":false},"author":5,"featured_media":0,"parent":0,"menu_order":0,"comment_status":"closed","ping_status":"closed","template":"","meta":{"_acf_changed":false,"footnotes":""},"class_list":["post-224","page","type-page","status-publish","hentry"],"acf":[],"_links":{"self":[{"href":"https:\/\/cavaguilera.com\/ca\/wp-json\/wp\/v2\/pages\/224","targetHints":{"allow":["GET"]}}],"collection":[{"href":"https:\/\/cavaguilera.com\/ca\/wp-json\/wp\/v2\/pages"}],"about":[{"href":"https:\/\/cavaguilera.com\/ca\/wp-json\/wp\/v2\/types\/page"}],"author":[{"embeddable":true,"href":"https:\/\/cavaguilera.com\/ca\/wp-json\/wp\/v2\/users\/5"}],"replies":[{"embeddable":true,"href":"https:\/\/cavaguilera.com\/ca\/wp-json\/wp\/v2\/comments?post=224"}],"version-history":[{"count":0,"href":"https:\/\/cavaguilera.com\/ca\/wp-json\/wp\/v2\/pages\/224\/revisions"}],"wp:attachment":[{"href":"https:\/\/cavaguilera.com\/ca\/wp-json\/wp\/v2\/media?parent=224"}],"curies":[{"name":"wp","href":"https:\/\/api.w.org\/{rel}","templated":true}]}}