{"id":23541,"date":"2023-09-21T16:53:48","date_gmt":"2023-09-21T14:53:48","guid":{"rendered":"https:\/\/cavaguilera.com\/?page_id=23541"},"modified":"2026-03-18T14:05:39","modified_gmt":"2026-03-18T13:05:39","slug":"tarifes-denviament","status":"publish","type":"page","link":"https:\/\/cavaguilera.com\/ca\/tarifas-de-envio\/","title":{"rendered":"Tarifes d&#039;enviament"},"content":{"rendered":"<p>A Cava Guilera ens esforcem per brindar un servei d'entrega de qualitat perqu\u00e8 gaudeixis dels nostres caves de llarga crian\u00e7a des de la comoditat de la teva llar. A continuaci\u00f3, detallem les condicions d'entrega.<\/p>\n<h2>Enviament gratu\u00eft a l&#039;Espanya peninsular<\/h2>\n<ol>\n<li><strong>Enviament gratu\u00eft:<\/strong> Oferim enviament gratu\u00eft per a totes les comandes dins de l'Espanya peninsular. Consulta la tarifa Balears a enviaments internacionals.<\/li>\n<li><strong>Temps d'entrega:<\/strong> Ens comprometem a processar i entregar la comanda en un termini d'1 a 3 dies laborables dins de l'Espanya peninsular.<\/li>\n<\/ol>\n<h2>Tarifes d&#039;enviament internacionals i Balears<\/h2>\n<ol>\n<li><strong>Tarifes i condicions:<\/strong> Els enviaments internacionals es fan amb la companyia <a href=\"https:\/\/cargowine.com.es\/index.php\" target=\"_blank\" rel=\"noopener\">Cargowine International Delivery<\/a>. A continuaci\u00f3 podeu consultar les tarifes i condicions espec\u00edfiques per a cada destinaci\u00f3: Internacional i Balears.<\/li>\n<li><strong>Activaci\u00f3 i seguiment:<\/strong> Cargowine International Delivery t&#039;enviar\u00e0 un email per activar l&#039;enviament i un n\u00famero de seguiment perqu\u00e8 puguis rastrejar la teva comanda: recollida al celler, rebut al magatzem, llest per a enviament i entrega.<\/li>\n<\/ol>\n<p>&nbsp;<\/p>\n<ul>\n<li><a href=\"https:\/\/cavaguilera.com\/wp-content\/uploads\/2026\/03\/UE-BCN-ALL-IN-international-wine-shipping-2026-compressed.pdf\" target=\"_blank\" rel=\"noopener\">Uni\u00f3 Europea i Balears<\/a><\/li>\n<li><a href=\"https:\/\/cavaguilera.com\/wp-content\/uploads\/2026\/03\/UK-international-wine-shipping-2026-compressed.pdf\" target=\"_blank\" rel=\"noopener\">Regne Unit<\/a><\/li>\n<li><a href=\"https:\/\/cavaguilera.com\/wp-content\/uploads\/2026\/03\/SWITZERLAND-international-wine-shipping-2026-compressed.pdf\" target=\"_blank\" rel=\"noopener\">Su\u00efssa<\/a><\/li>\n<li><a href=\"https:\/\/cavaguilera.com\/wp-content\/uploads\/2026\/03\/NORWAY-international-wine-shipping-2026-compressed.pdf\" target=\"_blank\" rel=\"noopener\">Noruega<\/a><\/li>\n<li><a href=\"https:\/\/cavaguilera.com\/wp-content\/uploads\/2026\/03\/USA-international-wine-shipping-2026-compressed.pdf\" target=\"_blank\" rel=\"noopener\">Estats Units<\/a><\/li>\n<li><a href=\"https:\/\/cavaguilera.com\/wp-content\/uploads\/2026\/03\/AUSTRALIA-international-wine-shipping-2026-compressed.pdf\" target=\"_blank\" rel=\"noopener\">Austr\u00e0lia<\/a><\/li>\n<li><a href=\"https:\/\/cavaguilera.com\/wp-content\/uploads\/2026\/03\/SOUTH-KOREA-international-wine-shipping-2026-compressed.pdf\" target=\"_blank\" rel=\"noopener\">Corea del Sud<\/a><\/li>\n<li><a href=\"https:\/\/cavaguilera.com\/wp-content\/uploads\/2026\/03\/HONG-KONG-international-wine-shipping-2026-compressed.pdf\" target=\"_blank\" rel=\"noopener\">Hong Kong<\/a><\/li>\n<li><a href=\"https:\/\/cavaguilera.com\/wp-content\/uploads\/2026\/03\/JAPAN-international-wine-shipping-2026-compressed.pdf\" target=\"_blank\" rel=\"noopener\">Jap\u00f3<\/a><\/li>\n<li><a href=\"https:\/\/cavaguilera.com\/wp-content\/uploads\/2026\/03\/SINGAPORE-international-wine-shipping-2026-compressed.pdf\" target=\"_blank\" rel=\"noopener\">Singapur<\/a><\/li>\n<\/ul>\n<h2>Pol\u00edtica de Devolucions<\/h2>\n<p>Si per alguna ra\u00f3 no est\u00e0s satisfet amb la teva comanda, <a href=\"https:\/\/cavaguilera.com\/ca\/on-estem\/\">contacta&#039;ns<\/a> immediatament. Estem aqu\u00ed per ajudar-te i resoldre qualsevol problema. Si tens alguna pregunta o necessites m\u00e9s informaci\u00f3 sobre les nostres tarifes d'entrega, no dubtis a contactar-nos.<\/p>","protected":false},"excerpt":{"rendered":"<p>En Cava Guilera, nos esforzamos por brindar un servicio de entrega de calidad para que disfrutes de nuestros cavas de larga crianza en la comodidad de tu hogar. A continuaci\u00f3n, detallamos nuestros t\u00e9rminos de entrega. Env\u00edo gratuito en la Espa\u00f1a peninsular Env\u00edo gratuito: Ofrecemos env\u00edo gratuito para todos los pedidos en la Espa\u00f1a peninsular. Consulta [&hellip;]<\/p>\n","protected":false},"author":10000185,"featured_media":0,"parent":0,"menu_order":0,"comment_status":"closed","ping_status":"closed","template":"","meta":{"_acf_changed":false,"footnotes":""},"class_list":["post-23541","page","type-page","status-publish","hentry"],"acf":[],"_links":{"self":[{"href":"https:\/\/cavaguilera.com\/ca\/wp-json\/wp\/v2\/pages\/23541","targetHints":{"allow":["GET"]}}],"collection":[{"href":"https:\/\/cavaguilera.com\/ca\/wp-json\/wp\/v2\/pages"}],"about":[{"href":"https:\/\/cavaguilera.com\/ca\/wp-json\/wp\/v2\/types\/page"}],"author":[{"embeddable":true,"href":"https:\/\/cavaguilera.com\/ca\/wp-json\/wp\/v2\/users\/10000185"}],"replies":[{"embeddable":true,"href":"https:\/\/cavaguilera.com\/ca\/wp-json\/wp\/v2\/comments?post=23541"}],"version-history":[{"count":3,"href":"https:\/\/cavaguilera.com\/ca\/wp-json\/wp\/v2\/pages\/23541\/revisions"}],"predecessor-version":[{"id":29221,"href":"https:\/\/cavaguilera.com\/ca\/wp-json\/wp\/v2\/pages\/23541\/revisions\/29221"}],"wp:attachment":[{"href":"https:\/\/cavaguilera.com\/ca\/wp-json\/wp\/v2\/media?parent=23541"}],"curies":[{"name":"wp","href":"https:\/\/api.w.org\/{rel}","templated":true}]}}