{"id":48,"date":"2018-03-23T09:47:51","date_gmt":"2018-03-23T09:47:51","guid":{"rendered":"http:\/\/cavaguilera.com\/carrito\/"},"modified":"2023-09-25T19:56:07","modified_gmt":"2023-09-25T17:56:07","slug":"cistell","status":"publish","type":"page","link":"https:\/\/cavaguilera.com\/ca\/carrito\/","title":{"rendered":"Cistell"},"content":{"rendered":"<div data-elementor-type=\"wp-page\" data-elementor-id=\"48\" class=\"elementor elementor-48\" data-elementor-post-type=\"page\">\n\t\t\t\t<div class=\"elementor-element elementor-element-fd04577 e-flex e-con-boxed e-con e-parent\" data-id=\"fd04577\" data-element_type=\"container\" data-e-type=\"container\">\n\t\t\t\t\t<div class=\"e-con-inner\">\n\t\t\t\t<div class=\"elementor-element elementor-element-8dd56c6 elementor-widget elementor-widget-heading\" data-id=\"8dd56c6\" data-element_type=\"widget\" data-e-type=\"widget\" data-widget_type=\"heading.default\">\n\t\t\t\t\t<h1 class=\"elementor-heading-title elementor-size-default\">Cistell<\/h1>\t\t\t\t<\/div>\n\t\t\t\t\t<\/div>\n\t\t\t\t<\/div>\n\t\t<div class=\"elementor-element elementor-element-2d00ffa e-flex e-con-boxed e-con e-parent\" data-id=\"2d00ffa\" data-element_type=\"container\" data-e-type=\"container\">\n\t\t\t\t\t<div class=\"e-con-inner\">\n\t\t\t\t\t<\/div>\n\t\t\t\t<\/div>\n\t\t\t\t<\/div>","protected":false},"excerpt":{"rendered":"<p>Remove item Thumbnail image Product Price Quantity Subtotal &times; Guilera Rosado Reserva 2019 13,10&euro; Guilera Rosado Reserva 2019 quantity 65,50&euro; &times; Guilera Brut Nature Reserva 2020 9,90&euro; Guilera Brut Nature Reserva 2020 quantity 9,90&euro; Aplicar cup\u00f3n Total del carrito Subtotal 75,40&euro; Shipping Env\u00edo gratuito &#8211; 1 a 3 d\u00edas Shipping to Barcelona. Change address Country [&hellip;]<\/p>\n","protected":false},"author":5,"featured_media":0,"parent":0,"menu_order":0,"comment_status":"closed","ping_status":"closed","template":"elementor_header_footer","meta":{"_acf_changed":false,"footnotes":""},"class_list":["post-48","page","type-page","status-publish","hentry"],"acf":[],"_links":{"self":[{"href":"https:\/\/cavaguilera.com\/ca\/wp-json\/wp\/v2\/pages\/48","targetHints":{"allow":["GET"]}}],"collection":[{"href":"https:\/\/cavaguilera.com\/ca\/wp-json\/wp\/v2\/pages"}],"about":[{"href":"https:\/\/cavaguilera.com\/ca\/wp-json\/wp\/v2\/types\/page"}],"author":[{"embeddable":true,"href":"https:\/\/cavaguilera.com\/ca\/wp-json\/wp\/v2\/users\/5"}],"replies":[{"embeddable":true,"href":"https:\/\/cavaguilera.com\/ca\/wp-json\/wp\/v2\/comments?post=48"}],"version-history":[{"count":0,"href":"https:\/\/cavaguilera.com\/ca\/wp-json\/wp\/v2\/pages\/48\/revisions"}],"wp:attachment":[{"href":"https:\/\/cavaguilera.com\/ca\/wp-json\/wp\/v2\/media?parent=48"}],"curies":[{"name":"wp","href":"https:\/\/api.w.org\/{rel}","templated":true}]}}