{"id":970,"date":"2018-11-02T15:01:05","date_gmt":"2018-11-02T15:01:05","guid":{"rendered":"http:\/\/cavaguilera.com\/?page_id=970"},"modified":"2018-11-03T10:16:18","modified_gmt":"2018-11-03T10:16:18","slug":"proteccio-de-dades","status":"publish","type":"page","link":"https:\/\/cavaguilera.com\/ca\/proteccion-de-datos\/","title":{"rendered":"Protecci\u00f3 de Dades"},"content":{"rendered":"<h2>Informaci\u00f3 de protecci\u00f3 de dades d&#039;heretat Guilera SL<\/h2>\n<p>Finalitats: Enviament del nostre butllet\u00ed comercial i de comunicacions informatives i publicit\u00e0ries sobre els nostres productes o serveis que siguin del vostre inter\u00e8s, fins i tot per mitjans electr\u00f2nics. Legitimaci\u00f3: Consentiment de linteressat. Destinataris: No estan previstes cessions de dades a tercers, excepte obligaci\u00f3 legal. Drets: Podeu retirar el vostre consentiment en qualsevol moment, aix\u00ed com accedir, rectificar, suprimir les vostres dades i altres drets a info@cavaguilera.com. Informaci\u00f3 Addicional: Podeu ampliar la informaci\u00f3 a l&#039;enlla\u00e7 de <a href=\"http:\/\/cavaguilera.com\/ca\/condicions-del-lloc-web\/\">Avisos Legals<\/a>.<\/p>","protected":false},"excerpt":{"rendered":"<p>Informaci\u00f3n de Protecci\u00f3n de Datos de Heretat Guilera S.L. Finalidades: Env\u00edo de nuestro bolet\u00edn comercial y de comunicaciones informativas y publicitarias sobre nuestros productos o servicios que sean de su inter\u00e9s, incluso por medios electr\u00f3nicos. Legitimaci\u00f3n: Consentimiento del interesado. Destinatarios: No est\u00e1n previstas cesiones de datos a terceros, salvo obligaci\u00f3n legal. Derechos: Puede retirar su [&hellip;]<\/p>\n","protected":false},"author":5,"featured_media":0,"parent":0,"menu_order":0,"comment_status":"closed","ping_status":"closed","template":"","meta":{"_acf_changed":false,"footnotes":""},"class_list":["post-970","page","type-page","status-publish","hentry"],"acf":[],"_links":{"self":[{"href":"https:\/\/cavaguilera.com\/ca\/wp-json\/wp\/v2\/pages\/970","targetHints":{"allow":["GET"]}}],"collection":[{"href":"https:\/\/cavaguilera.com\/ca\/wp-json\/wp\/v2\/pages"}],"about":[{"href":"https:\/\/cavaguilera.com\/ca\/wp-json\/wp\/v2\/types\/page"}],"author":[{"embeddable":true,"href":"https:\/\/cavaguilera.com\/ca\/wp-json\/wp\/v2\/users\/5"}],"replies":[{"embeddable":true,"href":"https:\/\/cavaguilera.com\/ca\/wp-json\/wp\/v2\/comments?post=970"}],"version-history":[{"count":0,"href":"https:\/\/cavaguilera.com\/ca\/wp-json\/wp\/v2\/pages\/970\/revisions"}],"wp:attachment":[{"href":"https:\/\/cavaguilera.com\/ca\/wp-json\/wp\/v2\/media?parent=970"}],"curies":[{"name":"wp","href":"https:\/\/api.w.org\/{rel}","templated":true}]}}