{"id":108,"date":"2018-06-02T11:25:28","date_gmt":"2018-06-02T09:25:28","guid":{"rendered":"http:\/\/cavaguilera.com\/?post_type=product&#038;p=108"},"modified":"2026-04-11T12:33:18","modified_gmt":"2026-04-11T10:33:18","slug":"cava-guilera-far-pleiades-brut-rosat-reserva","status":"publish","type":"product","link":"https:\/\/cavaguilera.com\/ca\/producto\/cava-guilera-far-pleiades-brut-rosado-reserva\/","title":{"rendered":"Guilera Far de les Pl\u00e8iades 2020"},"content":{"rendered":"<p><strong>Brut Rosado Reserva<\/strong><\/p>\n<ul>\n<li>ECO<\/li>\n<li>Az\u00facar: Brut [8 gr\/l.]<\/li>\n<li>Crianza: Reserva [+ 48 meses]<\/li>\n<li>Variedades: garnacha y pinot noir<\/li>\n<li>Cosecha y deg\u00fcelle en la contraetiqueta<\/li>\n<li>Temperatura de conservaci\u00f3n: inferior 18\u00baC<\/li>\n<li>Temperatura de servicio recomendada: 4 \u2013 5\u00baC<\/li>\n<li>Alcohol 12% vol. Volumen 75 cl. DO CAVA<\/li>\n<\/ul>\n<p>&nbsp;<\/p>\n<h2>PREMIOS CAVA<\/h2>\n<ul>\n<li>Tim Atkin MW: Mejor Espumoso Catal\u00e1n Rosado 2025<\/li>\n<\/ul>\n<p>&nbsp;<\/p>\n<h2>CATA CAVA<\/h2>\n<p>Es nuestro cava m\u00e1s alegre y goloso, con mucha fruta roja y una burbuja fina que explota dulcemente en boca. Es un cava ligero, refrescante y apetitoso. Ideal a copas, con el aperitivo, una comida informal y los postres.<\/p>\n<p>&nbsp;<\/p>\n<h2>DRESS CODE<\/h2>\n<ul>\n<li>Eco dise\u00f1o inclusivo #artarreu arte en todas partes<\/li>\n<li>Botella de cava sostenible Veralia 835 gramos<\/li>\n<li>Ilustraci\u00f3n <em>Far de les Pl\u00e8iades:<\/em> Llu\u00eds Masachs<\/li>\n<li>Dise\u00f1o y braille inclusivo: Sonia Ciriza y Miguel Ayesa<\/li>\n<li>Braille premiado: Worldstar Packaging Award 2016<\/li>\n<\/ul>\n<p>&nbsp;<\/p>\n<h2>CAVA BRINDIS<\/h2>\n<ul>\n<li><strong>Secreto&#8230;<\/strong><\/li>\n<li><strong>Todo est\u00e1 conectado<\/strong><\/li>\n<\/ul>\n<p>&nbsp;<\/p>\n<p>Todos tenemos un magnetismo especial y todos podemos brillar como un faro. Faros&#8230; \u00bfA qui\u00e9n no le gustan los faros? Gu\u00edan a los del mar y cautivan, atrapan, embrujan! A todo aqu\u00e9l que los mira de verdad. Gran poder tienen los faros. Y como dice aquel ar\u00e1cnido: un gran poder conlleva una gran responsabilidad.<\/p>\n<p>El faro que hemos ilustrado existe de verdad pero no diremos donde est\u00e1. Es un faro peculiar con una historia peculiar. Y para encontrarlo, se tiene que explorar&#8230; Adentro y afuera, porque este faro se ha transformado de ambas maneras. Se destruy\u00f3 y renaci\u00f3, m\u00e1s fuerte y mejor. Porque no naci\u00f3 faro, se convirti\u00f3.<\/p>\n<p>Lo hemos llamado Far de les Pl\u00e8iades porque vive en la tierra y juega con las estrellas. Ha aprendido a ver m\u00e1s all\u00e1 y est\u00e1 completamente fascinado. Inspirado. Todo est\u00e1 conectado y todos somos faro. Ahora cree en la magia de una forma diferente, porque la vive y la siente. Los faros nunca est\u00e1n solos, ahora lo entiende.<\/p>\n","protected":false},"excerpt":{"rendered":"<p>Brut Rosado Reserva [garnacha y pinot noir] DO CAVA<\/p>\n","protected":false},"featured_media":25979,"template":"","meta":{"_acf_changed":false},"product_brand":[],"product_cat":[21,51,314],"product_tag":[],"class_list":{"0":"post-108","1":"product","2":"type-product","3":"status-publish","4":"has-post-thumbnail","6":"product_cat-cava-reserva","7":"product_cat-cava-crianza","8":"product_cat-cava-guarda-superior","10":"first","11":"instock","12":"taxable","13":"shipping-taxable","14":"purchasable","15":"product-type-simple"},"bundled_by":["1865","26886","28038","28585","29134"],"bundle_stock_status":"instock","bundle_stock_quantity":28656,"bundle_virtual":false,"bundle_layout":"","bundle_add_to_cart_form_location":"","bundle_editable_in_cart":false,"bundle_sold_individually_context":"","bundle_item_grouping":"","bundle_min_size":"","bundle_max_size":"","bundle_price":[],"bundled_items":[],"bundle_sell_ids":[],"acf":[],"_links":{"self":[{"href":"https:\/\/cavaguilera.com\/ca\/wp-json\/wp\/v2\/product\/108","targetHints":{"allow":["GET"]}}],"collection":[{"href":"https:\/\/cavaguilera.com\/ca\/wp-json\/wp\/v2\/product"}],"about":[{"href":"https:\/\/cavaguilera.com\/ca\/wp-json\/wp\/v2\/types\/product"}],"wp:featuredmedia":[{"embeddable":true,"href":"https:\/\/cavaguilera.com\/ca\/wp-json\/wp\/v2\/media\/25979"}],"wp:attachment":[{"href":"https:\/\/cavaguilera.com\/ca\/wp-json\/wp\/v2\/media?parent=108"}],"wp:term":[{"taxonomy":"product_brand","embeddable":true,"href":"https:\/\/cavaguilera.com\/ca\/wp-json\/wp\/v2\/product_brand?post=108"},{"taxonomy":"product_cat","embeddable":true,"href":"https:\/\/cavaguilera.com\/ca\/wp-json\/wp\/v2\/product_cat?post=108"},{"taxonomy":"product_tag","embeddable":true,"href":"https:\/\/cavaguilera.com\/ca\/wp-json\/wp\/v2\/product_tag?post=108"}],"curies":[{"name":"wp","href":"https:\/\/api.w.org\/{rel}","templated":true}]}}