{"id":113,"date":"2018-05-28T12:37:23","date_gmt":"2018-05-28T10:37:23","guid":{"rendered":"http:\/\/cavaguilera.com\/?post_type=product&#038;p=113"},"modified":"2026-03-29T18:19:27","modified_gmt":"2026-03-29T16:19:27","slug":"cava-guilera-semi-sec-reserva","status":"publish","type":"product","link":"https:\/\/cavaguilera.com\/ca\/producto\/cava-guilera-semi-seco-reserva\/","title":{"rendered":"Guilera Semi Sec Reserva 2022"},"content":{"rendered":"<p><strong>Semi Seco Reserva<\/strong><\/p>\n<ul>\n<li>ECO<\/li>\n<li>Az\u00facar: Semi Seco [35 gr\/l.]<\/li>\n<li>Crianza: Reserva [+ 24 meses]<\/li>\n<li>Variedades: xarel\u00b7lo, macabeo y parellada<\/li>\n<li>Cosecha y fecha deg\u00fcelle en la contraetiqueta<\/li>\n<li>Temperatura de conservaci\u00f3n: inferior a 18\u00baC<\/li>\n<li>Temperatura de servicio recomendada: 4 \u2013 5\u00baC<\/li>\n<li>Alcohol 12% vol. Volumen 75 cl. DO CAVA<\/li>\n<\/ul>\n<p>&nbsp;<\/p>\n<h2>CATA CAVA<\/h2>\n<p>Este cava forma parte de la trilog\u00eda Guilera Reserva: Brut Nature Reserva, Brut Reserva y Semi Seco Reserva. Son nuestros cavas blancos m\u00e1s j\u00f3venes, con un cupaje tradicional de xarel\u00b7lo, macabeu y parellada y un m\u00ednimo de 18 meses de crianza en botella. El Guilera Semi Seco Reserva es un cava fino, suave y dulce. Con aromas y sabores de fruta fresca. Ideal para los paladares m\u00e1s dulzones y el momento postres.<\/p>\n<p>&nbsp;<\/p>\n<h2>DRESS CODE<\/h2>\n<ul>\n<li>Eco dise\u00f1o #artarreu arte en todas partes<\/li>\n<li>Botella de cava sostenible Veralia 835 gramos<\/li>\n<li>Tap\u00f3n de corcho natural 100% biodegradable<\/li>\n<li>Ilustraci\u00f3n <em>trilog\u00eda n3:<\/em> Ciara Quilty Harper<\/li>\n<li>Embalaje de cart\u00f3n reciclado 100% reciclable<\/li>\n<\/ul>\n<blockquote><p>&nbsp;<\/p><\/blockquote>\n<h2>CAVA BRINDIS<\/h2>\n<ul>\n<li><strong>Cuarta generaci\u00f3n ~ Jordi Guilera Rafecas<\/strong><\/li>\n<li><strong>La incertidumbre del lienzo casi blanco<\/strong><\/li>\n<\/ul>\n<p>&nbsp;<\/p>\n<p>La trilog\u00eda Guilera Reserva representa la emoci\u00f3n del viaje. Aquella mezcla sutil de nervios e ilusi\u00f3n ante una aventura que justo empieza. Un proyecto estimulante, un nuevo amor, la calma despu\u00e9s del desencanto o un nuevo camino. Tambi\u00e9n representa tres grandes momentos del cava. El vi\u00f1edo, la bodega y el epicentro del todo: vosotros.<\/p>\n<p>Elogio a la dualidad. Entre aquello tangible, controlable, previsible. Y aquello m\u00e1s incierto, invisible. La vendimia nos brinda mucha informaci\u00f3n sobre cada cosecha&#8230; \u00bfPero c\u00f3mo evolucionar\u00e1? \u00bfCu\u00e1les ser\u00e1n sus hitos? \u00bfSer\u00e1 un Guilera, un Musivari, un AGOSARAT? No lo sabe. Hay una l\u00ednea muy fina y n\u00edtida&#8230; un lienzo casi blanco que le incita&#8230; y los intangibles.<\/p>\n","protected":false},"excerpt":{"rendered":"<p>Semi Seco Reserva [xarel\u00b7lo, macabeo y parellada] DO CAVA<\/p>\n","protected":false},"featured_media":21513,"template":"","meta":{"_acf_changed":false},"product_brand":[],"product_cat":[51,314,21],"product_tag":[],"class_list":{"0":"post-113","1":"product","2":"type-product","3":"status-publish","4":"has-post-thumbnail","6":"product_cat-cava-crianza","7":"product_cat-cava-guarda-superior","8":"product_cat-cava-reserva","10":"first","11":"instock","12":"taxable","13":"shipping-taxable","14":"purchasable","15":"product-type-simple"},"bundled_by":[],"bundle_stock_status":"instock","bundle_stock_quantity":29819,"bundle_virtual":false,"bundle_layout":"","bundle_add_to_cart_form_location":"","bundle_editable_in_cart":false,"bundle_sold_individually_context":"","bundle_item_grouping":"","bundle_min_size":"","bundle_max_size":"","bundle_price":[],"bundled_items":[],"bundle_sell_ids":[],"acf":[],"_links":{"self":[{"href":"https:\/\/cavaguilera.com\/ca\/wp-json\/wp\/v2\/product\/113","targetHints":{"allow":["GET"]}}],"collection":[{"href":"https:\/\/cavaguilera.com\/ca\/wp-json\/wp\/v2\/product"}],"about":[{"href":"https:\/\/cavaguilera.com\/ca\/wp-json\/wp\/v2\/types\/product"}],"wp:featuredmedia":[{"embeddable":true,"href":"https:\/\/cavaguilera.com\/ca\/wp-json\/wp\/v2\/media\/21513"}],"wp:attachment":[{"href":"https:\/\/cavaguilera.com\/ca\/wp-json\/wp\/v2\/media?parent=113"}],"wp:term":[{"taxonomy":"product_brand","embeddable":true,"href":"https:\/\/cavaguilera.com\/ca\/wp-json\/wp\/v2\/product_brand?post=113"},{"taxonomy":"product_cat","embeddable":true,"href":"https:\/\/cavaguilera.com\/ca\/wp-json\/wp\/v2\/product_cat?post=113"},{"taxonomy":"product_tag","embeddable":true,"href":"https:\/\/cavaguilera.com\/ca\/wp-json\/wp\/v2\/product_tag?post=113"}],"curies":[{"name":"wp","href":"https:\/\/api.w.org\/{rel}","templated":true}]}}