{"id":114,"date":"2018-05-28T12:44:11","date_gmt":"2018-05-28T10:44:11","guid":{"rendered":"http:\/\/cavaguilera.com\/?post_type=product&#038;p=114"},"modified":"2026-03-03T11:13:58","modified_gmt":"2026-03-03T10:13:58","slug":"cava-guilera-brut-nature-gran-reserva","status":"publish","type":"product","link":"https:\/\/cavaguilera.com\/ca\/producto\/cava-guilera-brut-nature-gran-reserva\/","title":{"rendered":"Guilera Guilera 2020"},"content":{"rendered":"<p><span style=\"color: #000000;\"><strong>Brut Nature Gran Reserva<\/strong><\/span><\/p>\n<ul>\n<li><span style=\"color: #000000;\">ECO<\/span><\/li>\n<li><span style=\"color: #000000;\">Az\u00facar: Brut Nature [sin adici\u00f3n]<\/span><\/li>\n<li><span style=\"color: #000000;\">Crianza: Gran Reserva [+ 60 meses]<\/span><\/li>\n<li><span style=\"color: #000000;\">Variedades: xarel\u00b7lo, macabeo y parellada<\/span><\/li>\n<li><span style=\"color: #000000;\">Fecha de deg\u00fcelle en la contraetiqueta<\/span><\/li>\n<li><span style=\"color: #000000;\">Temperatura de conservaci\u00f3n: inferior a 18\u00baC<\/span><\/li>\n<li><span style=\"color: #000000;\">Temperatura de servicio recomendada: 6 \u2013 8\u00baC<\/span><\/li>\n<li><span style=\"color: #000000;\">Alcohol 12% vol. Volumen 75 cl. DO CAVA<\/span><\/li>\n<\/ul>\n<p>&nbsp;<\/p>\n<h2><span style=\"color: #000000;\">PREMIOS CAVA<\/span><\/h2>\n<ul>\n<li><span style=\"color: #000000;\">Mejor Cava y Espumoso en los Premis Vinari 2018 [2009]<\/span><\/li>\n<li><span style=\"color: #000000;\">Gran Vinari Escum\u00f3s en los Premis Vinari 2018 [2009]<\/span><\/li>\n<li><span style=\"color: #000000;\">Oro en los Premis Vinari 2018 Antiguas Reservas [2009]<\/span><\/li>\n<li><span style=\"color: #000000;\">Mejor vino de la DO Cava en los Premis Vinari 2018 [2009]<\/span><\/li>\n<\/ul>\n<p>&nbsp;<\/p>\n<h2><span style=\"color: #000000;\">CATA CAVA<\/span><\/h2>\n<p><span style=\"color: #000000;\">Es el primer cava Gran Reserva que elaboramos, un cl\u00e1sico de la bodega. Burbuja fina e integrada, fruta madura y tostados y postgusto largo. Es un cava con cuerpo, elegante y profundamente gastron\u00f3mico. Combina con todo y es uno de nuestros cavas m\u00e1s ic\u00f3nicos.<\/span><\/p>\n<p>&nbsp;<\/p>\n<h2><span style=\"color: #000000;\">DRESS CODE<\/span><\/h2>\n<ul>\n<li><span style=\"color: #000000;\">Eco dise\u00f1o inclusivo #artarreu arte en todas partes<\/span><\/li>\n<li><span style=\"color: #000000;\">Botella de cava sostenible Veralia 835 gramos<\/span><\/li>\n<li><span style=\"color: #000000;\">Tap\u00f3n de corcho natural 100% biodegradable<\/span><\/li>\n<li><span style=\"color: #000000;\">Etiqueta inclusiva: Sonia Ciriza y Miguel Ayesa<\/span><\/li>\n<li><span style=\"color: #000000;\">Embalaje de cart\u00f3n reciclado 100% reciclable<\/span><\/li>\n<\/ul>\n<p>&nbsp;<\/p>\n<p><span style=\"color: #000000;\"><strong>Etiqueta con braille inclusivo<\/strong><\/span><\/p>\n<p><span style=\"color: #000000;\">El braille inclusivo es un lenguaje innovador y accesible para todos. M\u00e1s all\u00e1 del sistema tradicional de lecto-escritura para personas invidentes, el braille inclusivo se integra en la composici\u00f3n y juega con la luz, el color, la forma\u2026 ofreciendo una experiencia sensorial a la vez que art\u00edstica.<\/span><\/p>\n<p>&nbsp;<\/p>\n<h2><span style=\"color: #000000;\">CAVA HOMENAJE<\/span><\/h2>\n<ul>\n<li><span style=\"color: #000000;\"><strong>Segunda generaci\u00f3n ~ Pere Guilera y Maria Massana<\/strong><\/span><\/li>\n<li><span style=\"color: #000000;\"><strong>Podemos con todo, celebr\u00e9moslo todo<\/strong><\/span><\/li>\n<\/ul>\n<p>&nbsp;<\/p>\n<p><span style=\"color: #000000;\">El Guilera es el primer cava Gran Reserva que hicimos. Un cl\u00e1sico de la casa con gran capacidad de adaptaci\u00f3n, un todo terreno y un triunfador. Gran Vinari de Oro Mejor Espumoso en los Premis Vinari 2018 y un momento de doble celebraci\u00f3n.<\/span><\/p>\n<p><span style=\"color: #000000;\"><em>El premio m\u00e1s grande es que Jordi haya vuelto a la bodega, <\/em>dec\u00eda mi padre. A veces parece que todos llegamos y nos vamos a la hora prevista. Como el sol y la luna&#8230; siempre danzando, enlazando, avanzando. \u00bfEstamos todos? Brillando como escamas de luna y destellos de sol.<\/span><\/p>\n<p><span style=\"color: #000000;\">El Guilera es una oda a la sincronicidad y un cava homenaje a los abuelos, Pere Guilera y Maria Massana. Ellos son los Grandes Continuadores: ten\u00edan una granja, cultivaban uva, melocot\u00f3n y cereal y elaboraban cava. Podemos con todo, celebr\u00e9moslo todo.<\/span><\/p>\n","protected":false},"excerpt":{"rendered":"<p>Brut Nature Gran Reserva [xarel\u00b7lo, macabeo y parellada] DO CAVA<\/p>\n","protected":false},"featured_media":24904,"template":"","meta":{"_acf_changed":false},"product_brand":[],"product_cat":[51,22,314],"product_tag":[],"class_list":{"0":"post-114","1":"product","2":"type-product","3":"status-publish","4":"has-post-thumbnail","6":"product_cat-cava-crianza","7":"product_cat-cava-gran-reserva","8":"product_cat-cava-guarda-superior","10":"first","11":"instock","12":"taxable","13":"shipping-taxable","14":"purchasable","15":"product-type-simple"},"bundled_by":["1340","1865","20520","25670","28038"],"bundle_stock_status":"instock","bundle_stock_quantity":27701,"bundle_virtual":false,"bundle_layout":"","bundle_add_to_cart_form_location":"","bundle_editable_in_cart":false,"bundle_sold_individually_context":"","bundle_item_grouping":"","bundle_min_size":"","bundle_max_size":"","bundle_price":[],"bundled_items":[],"bundle_sell_ids":[],"acf":[],"_links":{"self":[{"href":"https:\/\/cavaguilera.com\/ca\/wp-json\/wp\/v2\/product\/114","targetHints":{"allow":["GET"]}}],"collection":[{"href":"https:\/\/cavaguilera.com\/ca\/wp-json\/wp\/v2\/product"}],"about":[{"href":"https:\/\/cavaguilera.com\/ca\/wp-json\/wp\/v2\/types\/product"}],"wp:featuredmedia":[{"embeddable":true,"href":"https:\/\/cavaguilera.com\/ca\/wp-json\/wp\/v2\/media\/24904"}],"wp:attachment":[{"href":"https:\/\/cavaguilera.com\/ca\/wp-json\/wp\/v2\/media?parent=114"}],"wp:term":[{"taxonomy":"product_brand","embeddable":true,"href":"https:\/\/cavaguilera.com\/ca\/wp-json\/wp\/v2\/product_brand?post=114"},{"taxonomy":"product_cat","embeddable":true,"href":"https:\/\/cavaguilera.com\/ca\/wp-json\/wp\/v2\/product_cat?post=114"},{"taxonomy":"product_tag","embeddable":true,"href":"https:\/\/cavaguilera.com\/ca\/wp-json\/wp\/v2\/product_tag?post=114"}],"curies":[{"name":"wp","href":"https:\/\/api.w.org\/{rel}","templated":true}]}}