{"id":1247,"date":"2018-11-20T05:18:21","date_gmt":"2018-11-20T04:18:21","guid":{"rendered":"https:\/\/cavaguilera.com\/?post_type=product&#038;p=1247"},"modified":"2026-03-03T11:13:58","modified_gmt":"2026-03-03T10:13:58","slug":"cava-guilera-green-xarel%c2%b7la-brut-nature-gran-reserva","status":"publish","type":"product","link":"https:\/\/cavaguilera.com\/ca\/producto\/cava-guilera-green-xarel%c2%b7la-brut-nature-gran-reserva\/","title":{"rendered":"Guilera Green Xarel\u00b7la 2012"},"content":{"rendered":"<p><strong>Brut Nature Gran Reserva<\/strong><\/p>\n<ul>\n<li>Az\u00facar: Brut Nature [sin adici\u00f3n]<\/li>\n<li>Crianza: Gran Reserva [+ 156 meses]<\/li>\n<li>Variedades: monovarietal 100% xarel\u00b7lo<\/li>\n<li>Fecha de deg\u00fcelle en la contraetiqueta<\/li>\n<li>Temperatura de conservaci\u00f3n: inferior 18\u00baC<\/li>\n<li>Temperatura de servicio recomendada: 6 \u2013 8\u00baC<\/li>\n<li>Alcohol 12% vol. Volumen 75 cl. DO CAVA<\/li>\n<\/ul>\n<p>&nbsp;<\/p>\n<h2>PREMIOS CAVA<\/h2>\n<ul>\n<li>Plata y 92 puntos Decanter Awards 2025 [2012]<\/li>\n<li>93 puntos Tim Atkin MW report 2024 [2012]<\/li>\n<li>Plata y 93 puntos Decanter Awards 2023 [2012]<\/li>\n<li>Bronce y 89 puntos Decanter Awards 2021 [2012]<\/li>\n<li>Oro en los Premis Vinari 2019 [cosecha 2012]<\/li>\n<li>92 puntos Pedro Ballesteros MW y Decanter 2018 [2012]<\/li>\n<\/ul>\n<p>&nbsp;<\/p>\n<h2>CATA CAVA<\/h2>\n<p>Es un cava luminoso y refrescante. Burbuja fina, c\u00edtrica y persistente, aromas y sabores a manzana verde, toques tostados de la larga crianza y paso por boca absolutamente refrescante. La Green Xarel\u00b7la expresa la esencia de la uva xarel\u00b7lo y es nuestro cava m\u00e1s vers\u00e1til. Ideal a copas, con el aperitivo o una gran comida. Combina especialmente bien con el pescado, las ostras y el marisco.<\/p>\n<p>&nbsp;<\/p>\n<h2>DRESS CODE<\/h2>\n<p><strong>Eco dise\u00f1o #artarreu arte en todas partes<\/strong><\/p>\n<ul>\n<li>Botella de cava sostenible Veralia 835 gramos<\/li>\n<li>C\u00e1psula ecol\u00f3gica Vintacap Absolute Green Line<\/li>\n<li>Ilustraci\u00f3n etiqueta <em>Ninfa del Cava:<\/em> El Dimitry<\/li>\n<li>Embalaje de cart\u00f3n reciclado 100% reciclable<\/li>\n<\/ul>\n<p>&nbsp;<\/p>\n<h2>CAVA BRINDIS<\/h2>\n<ul>\n<li><strong>Las Fabulosas Xarel\u00b7las<\/strong><\/li>\n<li><strong>Elisa y Mariona Guilera<\/strong><\/li>\n<\/ul>\n<p>&nbsp;<\/p>\n<p>En Cava Guilera creemos que la prosperidad del cava y el Pened\u00e8s pasa por reivindicar la singularidad del xarel\u00b7lo y nuestros paisajes mediterr\u00e1neos. Y Las Fabulosas Xarel\u00b7las, cava homenaje a la mujer y a la uva xarel\u00b7lo, son una muestra de este ideario.<\/p>\n<p>Las Fabulosas Xarel\u00b7las son unas ninfas del cava y viven entre vi\u00f1edos del Pened\u00e8s. Les gusta salir y socializar, y mientrastanto, hacen cultura del cava. Su punto \u00e1lgido es la floraci\u00f3n: se autopolinizan [no necesitan atraer p\u00e1jaros e insectos] y practican la filosof\u00eda <em>Lliurec\u00f6mjo.<\/em><\/p>\n<p>&nbsp;<\/p>\n<p><strong><em>\u00a1Lliurec\u00f6mjo! <\/em><\/strong><\/p>\n<p><strong>Yo me hago feliz y t\u00fa me acompa\u00f1as, libre como yo.<\/strong><\/p>\n<p>&nbsp;<\/p>\n<p><em>Lliurec\u00f6mjo<\/em> es un llamamiento a responsabilizarse de las propias emociones. \u00a1Para florecer una y otra vez! Para convivir en armon\u00eda y no da\u00f1ar a los otros sin querer. Personas\u2026 a menudo les cuesta conectar con su luz interior, no ven y sienten temor.<\/p>\n<p>Las Fabulosas Xarel\u00b7las creen en la cultura y los espacios inspiradores. Puntos de encuentro donde relajarse, mimetizarse con el paisaje y ampliar la capacidad de comprensi\u00f3n. Danza\u2026 m\u00fasica\u2026 teatro\u2026 cine&#8230; literatura&#8230; transport\u00e1ndonos&#8230; a otro lugar. Aquel lugar : ]<\/p>\n<p>&nbsp;<\/p>\n<p><em>* Lliurec\u00f6mjo es un concepto inventado, proviene del catal\u00e1n: lliure com jo &#8211; libre como yo.<\/em><\/p>\n","protected":false},"excerpt":{"rendered":"<p>Brut Nature Gran Reserva [monovarietal 100% xarel\u00b7lo] DO CAVA<\/p>\n","protected":false},"featured_media":21514,"template":"","meta":{"_acf_changed":false},"product_brand":[],"product_cat":[51,22,314],"product_tag":[],"class_list":{"0":"post-1247","1":"product","2":"type-product","3":"status-publish","4":"has-post-thumbnail","6":"product_cat-cava-crianza","7":"product_cat-cava-gran-reserva","8":"product_cat-cava-guarda-superior","10":"first","11":"instock","12":"taxable","13":"shipping-taxable","14":"purchasable","15":"product-type-simple"},"bundled_by":["1871","15415","19453","25670","29134"],"bundle_stock_status":"instock","bundle_stock_quantity":29552,"bundle_virtual":false,"bundle_layout":"","bundle_add_to_cart_form_location":"","bundle_editable_in_cart":false,"bundle_sold_individually_context":"","bundle_item_grouping":"","bundle_min_size":"","bundle_max_size":"","bundle_price":[],"bundled_items":[],"bundle_sell_ids":[],"acf":[],"_links":{"self":[{"href":"https:\/\/cavaguilera.com\/ca\/wp-json\/wp\/v2\/product\/1247","targetHints":{"allow":["GET"]}}],"collection":[{"href":"https:\/\/cavaguilera.com\/ca\/wp-json\/wp\/v2\/product"}],"about":[{"href":"https:\/\/cavaguilera.com\/ca\/wp-json\/wp\/v2\/types\/product"}],"wp:featuredmedia":[{"embeddable":true,"href":"https:\/\/cavaguilera.com\/ca\/wp-json\/wp\/v2\/media\/21514"}],"wp:attachment":[{"href":"https:\/\/cavaguilera.com\/ca\/wp-json\/wp\/v2\/media?parent=1247"}],"wp:term":[{"taxonomy":"product_brand","embeddable":true,"href":"https:\/\/cavaguilera.com\/ca\/wp-json\/wp\/v2\/product_brand?post=1247"},{"taxonomy":"product_cat","embeddable":true,"href":"https:\/\/cavaguilera.com\/ca\/wp-json\/wp\/v2\/product_cat?post=1247"},{"taxonomy":"product_tag","embeddable":true,"href":"https:\/\/cavaguilera.com\/ca\/wp-json\/wp\/v2\/product_tag?post=1247"}],"curies":[{"name":"wp","href":"https:\/\/api.w.org\/{rel}","templated":true}]}}