{"id":1263,"date":"2018-11-20T06:29:50","date_gmt":"2018-11-20T05:29:50","guid":{"rendered":"https:\/\/cavaguilera.com\/?post_type=product&#038;p=1263"},"modified":"2026-03-06T19:21:17","modified_gmt":"2026-03-06T18:21:17","slug":"cava-guilera-red-xarella-brut-gran-reserva","status":"publish","type":"product","link":"https:\/\/cavaguilera.com\/ca\/producto\/cava-guilera-red-xarella-brut-gran-reserva\/","title":{"rendered":"Guilera Red Xarel\u00b7la 2015"},"content":{"rendered":"<p><span style=\"color: #333333;\"><strong>Brut Gran Reserva<\/strong><\/span><\/p>\n<ul>\n<li><span style=\"color: #333333;\">ECO<\/span><\/li>\n<li><span style=\"color: #333333;\">Az\u00facar: Brut [8 gr\/l.]<\/span><\/li>\n<li><span style=\"color: #333333;\">Crianza: Gran Reserva [+ 108 meses]<\/span><\/li>\n<li><span style=\"color: #333333;\">Variedades: monovarietal 100% xarel\u00b7lo<\/span><\/li>\n<li><span style=\"color: #333333;\">Fecha de deg\u00fcelle en la contraetiqueta<\/span><\/li>\n<li><span style=\"color: #333333;\">Temperatura de conservaci\u00f3n: inferior 18\u00baC<\/span><\/li>\n<li><span style=\"color: #333333;\">Temperatura de servicio recomendada: 6 \u2013 8\u00baC<\/span><\/li>\n<li><span style=\"color: #333333;\">Alcohol 12% vol. Volumen 75 cl. DO CAVA<\/span><\/li>\n<\/ul>\n<p>&nbsp;<\/p>\n<h2><span style=\"color: #333333;\">PREMIOS CAVA<\/span><\/h2>\n<ul>\n<li><span style=\"color: #333333;\">Plata y 93 puntos Decanter Awards 2025 [2015]<\/span><\/li>\n<li><span style=\"color: #333333;\">Plata en los Premis Vinari 2022 [cosecha 2014]<\/span><\/li>\n<li><span style=\"color: #333333;\">Plata y 92 puntos Decanter Awards 2021 [2014]<\/span><\/li>\n<li><span style=\"color: #333333;\">Plata en los Premis Vinari 2020 [cosecha 2014]<\/span><\/li>\n<li><span style=\"color: #333333;\">Plata y 90 puntos Decanter Awards 2019 [2014]<\/span><\/li>\n<li><span style=\"color: #333333;\">Bronce y 86 puntos IWC 2019 [cosecha 2014]<\/span><\/li>\n<\/ul>\n<p>&nbsp;<\/p>\n<h2><span style=\"color: #333333;\">CATA CAVA<\/span><\/h2>\n<p><span style=\"color: #333333;\">Es un cava suave, moderno y refrescante. Burbuja fina y divertida, aromas y sabores afrutados y paso por boca ligeramente confitado. Vers\u00e1til y cautivadora, la Red Xarel\u00b7la tiene la elegancia de un cava Gran Reserva y la fruta fresca del xarel\u00b7lo. Ideal para tomar a copas en una terraza soleada, con un aperitivo estiloso o una comida bien sabrosa.<\/span><\/p>\n<p>&nbsp;<\/p>\n<h2><span style=\"color: #333333;\">DRESS CODE<\/span><\/h2>\n<ul>\n<li><span style=\"color: #333333;\">Eco dise\u00f1o #artarreu arte en todas partes<\/span><\/li>\n<li><span style=\"color: #333333;\">Botella de cava sostenible Veralia 835 gramos<\/span><\/li>\n<li><span style=\"color: #333333;\">C\u00e1psula ecol\u00f3gica Vintacap Absolute Green Line<\/span><\/li>\n<li><span style=\"color: #333333;\">Ilustraci\u00f3n etiqueta <em>Ninfa del Cava:<\/em> El Dimitry<\/span><\/li>\n<li><span style=\"color: #333333;\">Embalaje de cart\u00f3n reciclado 100% reciclable<\/span><\/li>\n<\/ul>\n<p>&nbsp;<\/p>\n<h2><span style=\"color: #333333;\">CAVA BRINDIS<\/span><\/h2>\n<ul>\n<li><span style=\"color: #333333;\"><strong>Las Fabulosas Xarel\u00b7las<\/strong><\/span><\/li>\n<li><span style=\"color: #333333;\"><strong>Elisa y Mariona Guilera<\/strong><\/span><\/li>\n<\/ul>\n<p>&nbsp;<\/p>\n<p>En Cava Guilera creemos que la prosperidad del cava y el Pened\u00e8s pasa por reivindicar la singularidad del xarel\u00b7lo y nuestros paisajes mediterr\u00e1neos. Y Las Fabulosas Xarel\u00b7las, cava homenaje a la mujer y a la uva xarel\u00b7lo, son una muestra de este ideario.<\/p>\n<p>Las Fabulosas Xarel\u00b7las son unas ninfas del cava y viven entre vi\u00f1edos del Pened\u00e8s. Les gusta salir y socializar, y mientrastanto, hacen cultura del cava. Su punto \u00e1lgido es la floraci\u00f3n: se autopolinizan [no necesitan atraer p\u00e1jaros e insectos] y practican la filosof\u00eda <em>Lliurec\u00f6mjo.<\/em><\/p>\n<p>&nbsp;<\/p>\n<p><strong><em>\u00a1Lliurec\u00f6mjo! <\/em><\/strong><\/p>\n<p><strong>Yo me hago feliz y t\u00fa me acompa\u00f1as, libre como yo.<\/strong><\/p>\n<p>&nbsp;<\/p>\n<p><em>Lliurec\u00f6mjo<\/em> es un llamamiento a responsabilizarse de las propias emociones. \u00a1Para florecer una y otra vez! Para convivir en armon\u00eda y no da\u00f1ar a los otros sin querer. Personas\u2026 a menudo les cuesta conectar con su luz interior, no ven y sienten temor.<\/p>\n<p>Las Fabulosas Xarel\u00b7las creen en la cultura y los espacios inspiradores. Puntos de encuentro donde relajarse, mimetizarse con el paisaje y ampliar la capacidad de comprensi\u00f3n. Danza\u2026 m\u00fasica\u2026 teatro\u2026 cine&#8230; literatura&#8230; transport\u00e1ndonos&#8230; a otro lugar. Aquel lugar : ]<\/p>\n<p>&nbsp;<\/p>\n<p><em>* Lliurec\u00f6mjo es un concepto inventado, proviene del catal\u00e1n: lliure com jo &#8211; libre como yo.<\/em><\/p>\n","protected":false},"excerpt":{"rendered":"<p>Brut Gran Reserva [monovarietal 100% xarel\u00b7lo] DO CAVA<\/p>\n","protected":false},"featured_media":21515,"template":"","meta":{"_acf_changed":false},"product_brand":[],"product_cat":[51,22,314],"product_tag":[],"class_list":{"0":"post-1263","1":"product","2":"type-product","3":"status-publish","4":"has-post-thumbnail","6":"product_cat-cava-crianza","7":"product_cat-cava-gran-reserva","8":"product_cat-cava-guarda-superior","10":"first","11":"instock","12":"taxable","13":"shipping-taxable","14":"purchasable","15":"product-type-simple"},"bundled_by":["1875","15415","19453","25670","29134"],"bundle_stock_status":"instock","bundle_stock_quantity":29515,"bundle_virtual":false,"bundle_layout":"","bundle_add_to_cart_form_location":"","bundle_editable_in_cart":false,"bundle_sold_individually_context":"","bundle_item_grouping":"","bundle_min_size":"","bundle_max_size":"","bundle_price":[],"bundled_items":[],"bundle_sell_ids":[],"acf":[],"_links":{"self":[{"href":"https:\/\/cavaguilera.com\/ca\/wp-json\/wp\/v2\/product\/1263","targetHints":{"allow":["GET"]}}],"collection":[{"href":"https:\/\/cavaguilera.com\/ca\/wp-json\/wp\/v2\/product"}],"about":[{"href":"https:\/\/cavaguilera.com\/ca\/wp-json\/wp\/v2\/types\/product"}],"wp:featuredmedia":[{"embeddable":true,"href":"https:\/\/cavaguilera.com\/ca\/wp-json\/wp\/v2\/media\/21515"}],"wp:attachment":[{"href":"https:\/\/cavaguilera.com\/ca\/wp-json\/wp\/v2\/media?parent=1263"}],"wp:term":[{"taxonomy":"product_brand","embeddable":true,"href":"https:\/\/cavaguilera.com\/ca\/wp-json\/wp\/v2\/product_brand?post=1263"},{"taxonomy":"product_cat","embeddable":true,"href":"https:\/\/cavaguilera.com\/ca\/wp-json\/wp\/v2\/product_cat?post=1263"},{"taxonomy":"product_tag","embeddable":true,"href":"https:\/\/cavaguilera.com\/ca\/wp-json\/wp\/v2\/product_tag?post=1263"}],"curies":[{"name":"wp","href":"https:\/\/api.w.org\/{rel}","templated":true}]}}