{"id":132,"date":"2018-06-02T11:02:51","date_gmt":"2018-06-02T09:02:51","guid":{"rendered":"http:\/\/cavaguilera.com\/?post_type=product&#038;p=132"},"modified":"2026-03-03T11:13:58","modified_gmt":"2026-03-03T10:13:58","slug":"cava-guilera-musivari-brut-nature-gran-reserva","status":"publish","type":"product","link":"https:\/\/cavaguilera.com\/ca\/producto\/cava-guilera-musivari-brut-nature-gran-reserva\/","title":{"rendered":"Guilera Musivari 2007"},"content":{"rendered":"<p><strong>Brut Nature Gran Reserva<\/strong><\/p>\n<ul>\n<li>Az\u00facar: Brut Nature [sin adici\u00f3n]<\/li>\n<li>Crianza: Gran Reserva [+ 204 meses]<\/li>\n<li>Variedades: xarel\u00b7lo, macabeo y parellada<\/li>\n<li>Fecha de deg\u00fcelle en la contraetiqueta<\/li>\n<li>Temperatura de conservaci\u00f3n: inferior 18\u00baC<\/li>\n<li>Temperatura de servicio recomendada: 6 \u2013 8\u00baC<\/li>\n<li>Alcohol 12% vol. Volumen 75 cl. DO CAVA<\/li>\n<\/ul>\n<p>&nbsp;<\/p>\n<h2>PREMIOS CAVA<\/h2>\n<ul>\n<li>Bronce y 88 puntos Decanter Awards 2025 [2007]<\/li>\n<li>Oro en los Premis Vinari 2024 [2007]<\/li>\n<li>92 puntos Tim Atkin MW report 2024 [2007]<\/li>\n<li>Oro y 95 puntos Decanter Awards 2023 [2007]<\/li>\n<li>Plata en los Premis Vinari 2023 [cosecha 2007]<\/li>\n<li>Oro en los Premis Vinari 2022 [cosecha 2007]<\/li>\n<li>Plata en los Premis Vinari 2021 [cosecha 2007]<\/li>\n<li>Plata y 92 puntos Decanter Awards 2021 [2007]<\/li>\n<li>9.57 puntos Guia Vins Catalunya 2019 y 2020 [2007]<\/li>\n<li>90 puntos Pedro Ballesteros MW &amp; Decanter 2018 [2007]<\/li>\n<\/ul>\n<p>&nbsp;<\/p>\n<h2>CATA CAVA<\/h2>\n<p>Es nuestro buque insignia, elaborado con una selecci\u00f3n de las mejores cosechas. Destaca su armon\u00eda y frescor despu\u00e9s del largo proceso de crianza: fruta madura, tostados, ahumados, riqueza en matices, cremosidad y postgusto largo. Extremadamente suave y delicado, este cava Gran Reserva es como una caricia al paladar. Simbiosis de personalidad y versatilidad, combina especialmente bien con platos sabrosos y refinados.<\/p>\n<p>&nbsp;<\/p>\n<h2>DRESS CODE<\/h2>\n<ul>\n<li>Eco dise\u00f1o inclusivo #artarreu arte en todas partes<\/li>\n<li>Botella de cava sostenible Veralia 835 gramos<\/li>\n<li>C\u00e1psula ecol\u00f3gica Vintacap Absolute Green Line<\/li>\n<li>Etiqueta inclusiva: Sonia Ciriza y Miguel Ayesa<\/li>\n<li>Embalaje de cart\u00f3n reciclado 100% reciclable<\/li>\n<\/ul>\n<p>&nbsp;<\/p>\n<p><strong>Etiqueta con braille inclusivo<\/strong><\/p>\n<p>El braille inclusivo es un lenguaje innovador y accesible para todos. M\u00e1s all\u00e1 del sistema tradicional de lecto-escritura para personas invidentes, el braille inclusivo se integra en la composici\u00f3n y juega con la luz, el color, la forma&#8230; ofreciendo una experiencia sensorial a la vez que art\u00edstica.<\/p>\n<p>&nbsp;<\/p>\n<h2>CAVA HOMENAJE<\/h2>\n<ul>\n<li><strong>Tercera generaci\u00f3n ~ Pere Guilera Massana<\/strong><\/li>\n<li><strong>Estimada armon\u00eda, fresca y amiga<\/strong><\/li>\n<\/ul>\n<p>&nbsp;<\/p>\n<p><em>Musivari 2f\u00a0 ciencia que estudia el mosaico<\/em><\/p>\n<p>&nbsp;<\/p>\n<p>El Pened\u00e8s es un mosaico de vi\u00f1as, bosques, arroyos y peque\u00f1as aldeas. Una tierra de paso fundada por los primeros pueblos del mediterr\u00e1neo. Un caleidoscopio de azules, verdes y refulgentes dorados que necesita de la sabidur\u00eda y sensibilidad de un esp\u00edritu dialogante.<\/p>\n<p>Pere Guilera ha dedicado toda una vida a preservar la singularidad de nuestros paisajes. Hombre de consenso y gran entusiasta, defiende que cava y paisaje son dos realidades indisociables y que en un mosaico paisaj\u00edstico como el nuestro, la armon\u00eda del todo deber\u00eda ser inquebrantable.<\/p>\n<p>El Guilera Musivari es un cava un homenaje a los paisajes del Pened\u00e8s y a Pere Guilera. Tambi\u00e9n es una caricia en el paladar y una oda a la armon\u00eda&#8230; Entre el color, el aroma, el sabor y la burbuja fina. Entre todo aquello que da forma y color a la vida, fresca y amiga.<\/p>\n","protected":false},"excerpt":{"rendered":"<p>Brut Nature Gran Reserva [xarel\u00b7lo, macabeo y parellada] DO CAVA<\/p>\n","protected":false},"featured_media":21511,"template":"","meta":{"_acf_changed":false},"product_brand":[],"product_cat":[51,22,314],"product_tag":[],"class_list":{"0":"post-132","1":"product","2":"type-product","3":"status-publish","4":"has-post-thumbnail","6":"product_cat-cava-crianza","7":"product_cat-cava-gran-reserva","8":"product_cat-cava-guarda-superior","10":"first","11":"instock","12":"taxable","13":"shipping-taxable","14":"purchasable","15":"product-type-simple"},"bundled_by":["1340","1865","15415","20520","26886","28038"],"bundle_stock_status":"instock","bundle_stock_quantity":29360,"bundle_virtual":false,"bundle_layout":"","bundle_add_to_cart_form_location":"","bundle_editable_in_cart":false,"bundle_sold_individually_context":"","bundle_item_grouping":"","bundle_min_size":"","bundle_max_size":"","bundle_price":[],"bundled_items":[],"bundle_sell_ids":[],"acf":[],"_links":{"self":[{"href":"https:\/\/cavaguilera.com\/ca\/wp-json\/wp\/v2\/product\/132","targetHints":{"allow":["GET"]}}],"collection":[{"href":"https:\/\/cavaguilera.com\/ca\/wp-json\/wp\/v2\/product"}],"about":[{"href":"https:\/\/cavaguilera.com\/ca\/wp-json\/wp\/v2\/types\/product"}],"wp:featuredmedia":[{"embeddable":true,"href":"https:\/\/cavaguilera.com\/ca\/wp-json\/wp\/v2\/media\/21511"}],"wp:attachment":[{"href":"https:\/\/cavaguilera.com\/ca\/wp-json\/wp\/v2\/media?parent=132"}],"wp:term":[{"taxonomy":"product_brand","embeddable":true,"href":"https:\/\/cavaguilera.com\/ca\/wp-json\/wp\/v2\/product_brand?post=132"},{"taxonomy":"product_cat","embeddable":true,"href":"https:\/\/cavaguilera.com\/ca\/wp-json\/wp\/v2\/product_cat?post=132"},{"taxonomy":"product_tag","embeddable":true,"href":"https:\/\/cavaguilera.com\/ca\/wp-json\/wp\/v2\/product_tag?post=132"}],"curies":[{"name":"wp","href":"https:\/\/api.w.org\/{rel}","templated":true}]}}