{"id":154,"date":"2018-06-06T11:59:48","date_gmt":"2018-06-06T09:59:48","guid":{"rendered":"http:\/\/cavaguilera.com\/?post_type=product&#038;p=154"},"modified":"2026-04-12T12:40:43","modified_gmt":"2026-04-12T10:40:43","slug":"cava-guilera-agosarat-brut-nature-gran-reserva","status":"publish","type":"product","link":"https:\/\/cavaguilera.com\/ca\/producto\/cava-guilera-agosarat-brut-nature-gran-reserva\/","title":{"rendered":"Guilera AGOSARAT 2006"},"content":{"rendered":"<p><strong>Brut Nature Gran Reserva<\/strong><\/p>\n<ul>\n<li>Az\u00facar: Brut Nature [sin adici\u00f3n]<\/li>\n<li>Crianza: Gran Reserva [+ 216 meses]<\/li>\n<li>Variedades: xarel\u00b7lo, macabeo y parellada<\/li>\n<li>Fecha de deg\u00fcelle en la contraetiqueta<\/li>\n<li>Temperatura de conservaci\u00f3n: inferior a 18\u00baC<\/li>\n<li>Temperatura de servicio recomendada: 6 \u2013 8\u00baC<\/li>\n<li>Alcohol 12% vol. Volumen 75 cl. DO CAVA<\/li>\n<\/ul>\n<p>&nbsp;<\/p>\n<h2>PREMIOS CAVA<\/h2>\n<ul>\n<li>Oro y 95 puntos Decanter Awards 2025 [2006]<\/li>\n<li>Plata en los Premis Vinari 2024 [2006]<\/li>\n<li>93 puntos Tim Atkin MW report 2024 [2006]<\/li>\n<li>Oro en los Premis Vinari 2023 [cosecha 2006]<\/li>\n<li>Plata y 91 puntos Decanter Awards 2023 [2006]<\/li>\n<li>Oro en los Premis Vinari 2022 [cosecha 2006]<\/li>\n<li>Oro en los Premis Vinari 2021 [cosecha 2006]<\/li>\n<li>Plata y 91 puntos Decanter Awards 2021 [2006]<\/li>\n<li>Bronce en los Premis Vinari 2019 [cosecha 2006]<\/li>\n<li>Oro y 95 puntos IWC 2019 [cosecha 2006]<\/li>\n<li>Plata y 91 puntos Decanter Awards 2019 [2006]<\/li>\n<li>Bronce en los Premis Vinari 2018 [cosecha 2006]<\/li>\n<\/ul>\n<p>&nbsp;<\/p>\n<h2>CATA CAVA<\/h2>\n<p>Es nuestro cava m\u00e1s atrevido, con \u00e9l exploramos los l\u00edmites del cava. Aroma grandilocuente, acidez melosa en boca, fruta muy madura, sabores ajerezados y postgusto hipn\u00f3tico y muy largo. Es un cava Gran Reserva de colecci\u00f3n: orquestal, corpulento, profundo y diferente. Ideal para maridar con platos potentes, conversaciones profundas y momentos de recogimiento. Este cava quiere tiempo.<\/p>\n<p>&nbsp;<\/p>\n<h2>DRESS CODE<\/h2>\n<ul>\n<li>Eco dise\u00f1o inclusivo #artarreu arte en todas partes<\/li>\n<li>Botella de cava sostenible Veralia 835 gramos<\/li>\n<li>C\u00e1psula ecol\u00f3gica Vintacap Absolute Green Line<\/li>\n<li>Etiqueta inclusiva: Sonia Ciriza y Miguel Ayesa<\/li>\n<li>Embalaje de cart\u00f3n reciclado 100% reciclable<\/li>\n<\/ul>\n<p>&nbsp;<\/p>\n<p><strong>Etiqueta con braille inclusivo<\/strong><\/p>\n<p>El braille inclusivo es un lenguaje innovador y accesible para todos. M\u00e1s all\u00e1 del sistema tradicional de lecto-escritura para personas invidentes, el braille inclusivo se integra en la composici\u00f3n y juega con la luz, el color, la forma&#8230; ofreciendo una experiencia sensorial a la vez que art\u00edstica.<\/p>\n<p>&nbsp;<\/p>\n<h2>CAVA HOMENAJE<\/h2>\n<ul>\n<li><strong>Los fundadores ~ Isidre Guilera y Maria Sard\u00e0<\/strong><\/li>\n<li><strong>Aqu\u00e9l que conf\u00eda cuando todo es oscuro todav\u00eda<\/strong><\/li>\n<\/ul>\n<p>&nbsp;<\/p>\n<p>Es el momento de la eclosi\u00f3n, el inicio del casi todo. Cuando la coyuntura se vuelve finalmente favorable y se alcanza el punto \u00f3ptimo de maduraci\u00f3n. Sin duda es el momento de lanzarse, \u00a1dar un paso m\u00e1s! Porque casi nada pasa de golpe y todo est\u00e1 en continua transformaci\u00f3n. AGOSARAT [atrevido] aqu\u00e9l que conf\u00eda cuando todo es oscuro todav\u00eda.<\/p>\n<p>Isidre elabor\u00f3 las primeras botellas de Cava Guilera en 1927, cuando \u00e9l y Mar\u00eda eran aparceros en Can Batlle. Tres a\u00f1os despu\u00e9s compraron la mas\u00eda de Ca l\u2019Artigas y se convirtieron en propietarios. Un paso atrevido, y hoy sabemos que acertado, pues en 2017 celebramos nuestro 90 aniversario.<\/p>\n<p>El Guilera AGOSARAT es un cava homenaje a los bisabuelos Isidre Guilera y Maria Sard\u00e0. Hijo de una gran cosecha y una todav\u00eda mayor paciencia, este cava expresa nuestra esencia. El tiempo permite que aquello tan anhelado eclosione [s\u00f3lo] cuando es el momento. Perseveranza, fe y saberlo detectar cuando llegue&#8230; El momento.<\/p>\n","protected":false},"excerpt":{"rendered":"<p>Brut Nature Gran Reserva [xarel\u00b7lo, macabeo y parellada] DO CAVA<\/p>\n","protected":false},"featured_media":21506,"template":"","meta":{"_acf_changed":false},"product_brand":[],"product_cat":[51,22,314],"product_tag":[],"class_list":{"0":"post-154","1":"product","2":"type-product","3":"status-publish","4":"has-post-thumbnail","6":"product_cat-cava-crianza","7":"product_cat-cava-gran-reserva","8":"product_cat-cava-guarda-superior","10":"first","11":"instock","12":"taxable","13":"shipping-taxable","14":"purchasable","15":"product-type-simple"},"bundled_by":["1865","15415","20520","29134"],"bundle_stock_status":"instock","bundle_stock_quantity":29705,"bundle_virtual":false,"bundle_layout":"","bundle_add_to_cart_form_location":"","bundle_editable_in_cart":false,"bundle_sold_individually_context":"","bundle_item_grouping":"","bundle_min_size":"","bundle_max_size":"","bundle_price":[],"bundled_items":[],"bundle_sell_ids":[],"acf":[],"_links":{"self":[{"href":"https:\/\/cavaguilera.com\/ca\/wp-json\/wp\/v2\/product\/154","targetHints":{"allow":["GET"]}}],"collection":[{"href":"https:\/\/cavaguilera.com\/ca\/wp-json\/wp\/v2\/product"}],"about":[{"href":"https:\/\/cavaguilera.com\/ca\/wp-json\/wp\/v2\/types\/product"}],"wp:featuredmedia":[{"embeddable":true,"href":"https:\/\/cavaguilera.com\/ca\/wp-json\/wp\/v2\/media\/21506"}],"wp:attachment":[{"href":"https:\/\/cavaguilera.com\/ca\/wp-json\/wp\/v2\/media?parent=154"}],"wp:term":[{"taxonomy":"product_brand","embeddable":true,"href":"https:\/\/cavaguilera.com\/ca\/wp-json\/wp\/v2\/product_brand?post=154"},{"taxonomy":"product_cat","embeddable":true,"href":"https:\/\/cavaguilera.com\/ca\/wp-json\/wp\/v2\/product_cat?post=154"},{"taxonomy":"product_tag","embeddable":true,"href":"https:\/\/cavaguilera.com\/ca\/wp-json\/wp\/v2\/product_tag?post=154"}],"curies":[{"name":"wp","href":"https:\/\/api.w.org\/{rel}","templated":true}]}}