{"id":155,"date":"2018-06-06T10:29:35","date_gmt":"2018-06-06T08:29:35","guid":{"rendered":"http:\/\/cavaguilera.com\/?post_type=product&#038;p=155"},"modified":"2026-02-28T11:53:53","modified_gmt":"2026-02-28T10:53:53","slug":"cava-guilera-magnum-agosarat-brut-nature-gran-reserva","status":"publish","type":"product","link":"https:\/\/cavaguilera.com\/ca\/producto\/cava-guilera-magnum-agosarat-brut-nature-gran-reserva\/","title":{"rendered":"Guilera Magnum 2007"},"content":{"rendered":"<p><strong>Magnum Brut Nature Gran Reserva<\/strong><\/p>\n<ul>\n<li>Az\u00facar: Brut Nature [sin adici\u00f3n]<\/li>\n<li>Crianza: Gran Reserva [+ 204 meses]<\/li>\n<li>Variedades: xarel\u00b7lo, macabeo y parellada<\/li>\n<li>Cosecha y deg\u00fcelle en la contraetiqueta<\/li>\n<li>Temperatura de conservaci\u00f3n: inferior a 18\u00baC<\/li>\n<li>Temperatura de servicio recomendada: 6 \u2013 8\u00baC<\/li>\n<li>Alcohol 12% vol. Volumen 150 cl. DO CAVA<\/li>\n<\/ul>\n<p>&nbsp;<\/p>\n<h2>CATA CAVA<\/h2>\n<p>Es nuestro cava m\u00e1s atrevido, con \u00e9l exploramos los l\u00edmites del cava. Aroma grandilocuente, acidez melosa en boca, fruta muy madura, sabores ajerezados y postgusto hipn\u00f3tico y muy largo. Es un super cava Gran Reserva: orquestal, corpulento, profundo y diferente. Ideal para maridar con platos potentes, conversaciones profundas y momentos de recogimiento. Este cava quiere tiempo.<\/p>\n<p>&nbsp;<\/p>\n<h2>DRESS CODE<\/h2>\n<ul>\n<li>Eco dise\u00f1o inclusivo #artarreu arte en todas partes<\/li>\n<li>C\u00e1psula ecol\u00f3gica Vintacap Absolute Green Line<\/li>\n<li>Etiqueta inclusiva: Sonia Ciriza y Miguel Ayesa<\/li>\n<li>Embalaje de cart\u00f3n reciclado 100% reciclable<\/li>\n<\/ul>\n<p>&nbsp;<\/p>\n<p><strong>Etiqueta con braille inclusivo<\/strong><\/p>\n<p>El braille inclusivo es un lenguaje innovador y accesible para todos. M\u00e1s all\u00e1 del sistema tradicional de lecto-escritura para personas invidentes, el braille inclusivo se integra en la composici\u00f3n y juega con la luz, el color, la forma\u2026 ofreciendo una experiencia sensorial a la vez que art\u00edstica.<\/p>\n","protected":false},"excerpt":{"rendered":"<p>Magnum 150cl \/ Brut Nature Gran Reserva \/ DO CAVA<\/p>","protected":false},"featured_media":21506,"template":"","meta":{"_acf_changed":false},"product_brand":[],"product_cat":[51,314,25],"product_tag":[],"class_list":{"0":"post-155","1":"product","2":"type-product","3":"status-publish","4":"has-post-thumbnail","6":"product_cat-cava-crianza","7":"product_cat-cava-guarda-superior","8":"product_cat-cava-magnum","10":"first","11":"instock","12":"featured","13":"taxable","14":"shipping-taxable","15":"purchasable","16":"product-type-simple"},"bundled_by":["1878"],"bundle_stock_status":"instock","bundle_stock_quantity":100,"bundle_virtual":false,"bundle_layout":"","bundle_add_to_cart_form_location":"","bundle_editable_in_cart":false,"bundle_sold_individually_context":"","bundle_item_grouping":"","bundle_min_size":"","bundle_max_size":"","bundle_price":[],"bundled_items":[],"bundle_sell_ids":[],"acf":[],"_links":{"self":[{"href":"https:\/\/cavaguilera.com\/ca\/wp-json\/wp\/v2\/product\/155","targetHints":{"allow":["GET"]}}],"collection":[{"href":"https:\/\/cavaguilera.com\/ca\/wp-json\/wp\/v2\/product"}],"about":[{"href":"https:\/\/cavaguilera.com\/ca\/wp-json\/wp\/v2\/types\/product"}],"wp:featuredmedia":[{"embeddable":true,"href":"https:\/\/cavaguilera.com\/ca\/wp-json\/wp\/v2\/media\/21506"}],"wp:attachment":[{"href":"https:\/\/cavaguilera.com\/ca\/wp-json\/wp\/v2\/media?parent=155"}],"wp:term":[{"taxonomy":"product_brand","embeddable":true,"href":"https:\/\/cavaguilera.com\/ca\/wp-json\/wp\/v2\/product_brand?post=155"},{"taxonomy":"product_cat","embeddable":true,"href":"https:\/\/cavaguilera.com\/ca\/wp-json\/wp\/v2\/product_cat?post=155"},{"taxonomy":"product_tag","embeddable":true,"href":"https:\/\/cavaguilera.com\/ca\/wp-json\/wp\/v2\/product_tag?post=155"}],"curies":[{"name":"wp","href":"https:\/\/api.w.org\/{rel}","templated":true}]}}