{"id":25196,"date":"2024-11-06T11:21:53","date_gmt":"2024-11-06T10:21:53","guid":{"rendered":"https:\/\/cavaguilera.com\/?post_type=product&#038;p=25196"},"modified":"2026-02-28T13:11:45","modified_gmt":"2026-02-28T12:11:45","slug":"gastrocava-ampolla-cava-picnic-gourmet","status":"publish","type":"product","link":"https:\/\/cavaguilera.com\/ca\/producto\/gastrocava-botella-cava-picnic-gourmet\/","title":{"rendered":"Ampolla de Cava + Picnic Gourmet"},"content":{"rendered":"","protected":false},"excerpt":{"rendered":"<ul>\n<li><strong>Ampolla de cava:<\/strong> Una ampolla de Cava Guilera Gran Reserva per compartir entre 2-3 persones.<\/li>\n<li><strong>Opci\u00f3 1 \u2013 picnic original:<\/strong> formatges delicatessen, pat\u00e9s vegetals, fuet secallona, pat\u00e9 gourmet del Pened\u00e8s i guatlla desossada en escabetx. Postres tradicionals: copa cava rosat reserva, carquinyolis i cat\u00e0nies. M\u00ednim 2 persones.<\/li>\n<li><strong>Opci\u00f3 2 \u2013 picnic vegetari\u00e0:<\/strong> formatges delicatessen, pat\u00e9s vegetals, olives negres, esp\u00e0rrecs blancs IGP Navarra i favetes baby fregides. Postres tradicionals: copa cava rosat reserva, carquinyolis i cat\u00e0nies. M\u00ednim 2 persones.<\/li>\n<\/ul>","protected":false},"featured_media":26257,"template":"","meta":{"_acf_changed":false},"product_brand":[],"product_cat":[317],"product_tag":[311],"class_list":{"0":"post-25196","1":"product","2":"type-product","3":"status-publish","4":"has-post-thumbnail","6":"product_cat-fuera-catalogo","7":"product_tag-picnic","9":"first","10":"instock","11":"virtual","12":"sold-individually","13":"taxable","14":"purchasable","15":"product-type-booking"},"bundled_by":[],"bundle_stock_status":"instock","bundle_stock_quantity":null,"bundle_virtual":false,"bundle_layout":"","bundle_add_to_cart_form_location":"","bundle_editable_in_cart":false,"bundle_sold_individually_context":"","bundle_item_grouping":"","bundle_min_size":"","bundle_max_size":"","bundle_price":[],"bundled_items":[],"bundle_sell_ids":[],"acf":[],"_links":{"self":[{"href":"https:\/\/cavaguilera.com\/ca\/wp-json\/wp\/v2\/product\/25196","targetHints":{"allow":["GET"]}}],"collection":[{"href":"https:\/\/cavaguilera.com\/ca\/wp-json\/wp\/v2\/product"}],"about":[{"href":"https:\/\/cavaguilera.com\/ca\/wp-json\/wp\/v2\/types\/product"}],"wp:featuredmedia":[{"embeddable":true,"href":"https:\/\/cavaguilera.com\/ca\/wp-json\/wp\/v2\/media\/26257"}],"wp:attachment":[{"href":"https:\/\/cavaguilera.com\/ca\/wp-json\/wp\/v2\/media?parent=25196"}],"wp:term":[{"taxonomy":"product_brand","embeddable":true,"href":"https:\/\/cavaguilera.com\/ca\/wp-json\/wp\/v2\/product_brand?post=25196"},{"taxonomy":"product_cat","embeddable":true,"href":"https:\/\/cavaguilera.com\/ca\/wp-json\/wp\/v2\/product_cat?post=25196"},{"taxonomy":"product_tag","embeddable":true,"href":"https:\/\/cavaguilera.com\/ca\/wp-json\/wp\/v2\/product_tag?post=25196"}],"curies":[{"name":"wp","href":"https:\/\/api.w.org\/{rel}","templated":true}]}}