{"id":26328,"date":"2024-11-05T17:50:10","date_gmt":"2024-11-05T16:50:10","guid":{"rendered":"https:\/\/cavaguilera.com\/?post_type=product&#038;p=26328"},"modified":"2026-03-19T14:20:10","modified_gmt":"2026-03-19T13:20:10","slug":"cavasfera-visita-celler-viatge","status":"publish","type":"product","link":"https:\/\/cavaguilera.com\/ca\/producto\/cavasfera-visita-bodega-viaje\/","title":{"rendered":"Cavasfera: un viatge per la hist\u00f2ria de la fam\u00edlia Guilera"},"content":{"rendered":"<p><strong><span style=\"color: #e45e40;\">La suma de les vides i les aportacions de 4 generacions<\/span><\/strong><\/p>\n<p><span style=\"color: #e45e40;\">Un dels cellers m\u00e9s petits del Pened\u00e8s, amb 10 hect\u00e0rees de vinya ecol\u00f2gica i una reserva de 200.000 ampolles de cava fent la crian\u00e7a. M\u00ednim 18 mesos fins a 20 anys en ampolla, amb les mares, per assolir l&#039;harmonia m\u00e0xima del cava. Un exercici de paci\u00e8ncia impressionant i un llegat familiar que el 2027 celebrar\u00e0 el centenari. <\/span><\/p>\n<p><em><span style=\"color: #e45e40;\">Pere Guilera, propietari i tercera generaci\u00f3 de Cava Guilera, t'acompanyar\u00e0 durant tota l'experi\u00e8ncia. <\/span><span style=\"color: #e45e40;\">El Pere \u00e9s un pag\u00e8s savi i un petit empresari del cava, un ferm defensor dels paisatges del Pened\u00e8s i el cava de llarga crian\u00e7a. <\/span><\/em><\/p>\n<p>&nbsp;<\/p>","protected":false},"excerpt":{"rendered":"<ul>\n<li><strong>Visita les vinyes i el celler<\/strong> familiar amb Pere Guilera.<\/li>\n<li><strong>Tast 4 caves de llarga crian\u00e7a<\/strong>: Reserva i Gran Reserva.<\/li>\n<li><strong>Maridatge amb 3 formatges <\/strong>gourmet o 3 pat\u00e9s vegetals.<\/li>\n<li><strong>Durada 2 hores<\/strong>. De dimarts a dissabte: 10h, 12h i 16h.<\/li>\n<li><strong>Idiomes: catal\u00e0 i castell\u00e0<\/strong>. Franc\u00e8s consultar.<\/li>\n<li><strong>Enoturisme d&#039;autor<\/strong> amb el propietari: 2 \u2013 12 persones.<\/li>\n<\/ul>","protected":false},"featured_media":26716,"template":"","meta":{"_acf_changed":false},"product_brand":[],"product_cat":[38,308,69],"product_tag":[309,310],"class_list":{"0":"post-26328","1":"product","2":"type-product","3":"status-publish","4":"has-post-thumbnail","6":"product_cat-enoturismo-penedes","7":"product_cat-experiencias","8":"product_cat-visita-bodega","9":"product_tag-cata-de-cava","10":"product_tag-visita-la-bodega","12":"first","13":"instock","14":"virtual","15":"sold-individually","16":"taxable","17":"purchasable","18":"product-type-booking"},"bundled_by":[],"bundle_stock_status":"instock","bundle_stock_quantity":null,"bundle_virtual":false,"bundle_layout":"","bundle_add_to_cart_form_location":"","bundle_editable_in_cart":false,"bundle_sold_individually_context":"","bundle_item_grouping":"","bundle_min_size":"","bundle_max_size":"","bundle_price":[],"bundled_items":[],"bundle_sell_ids":[],"acf":[],"_links":{"self":[{"href":"https:\/\/cavaguilera.com\/ca\/wp-json\/wp\/v2\/product\/26328","targetHints":{"allow":["GET"]}}],"collection":[{"href":"https:\/\/cavaguilera.com\/ca\/wp-json\/wp\/v2\/product"}],"about":[{"href":"https:\/\/cavaguilera.com\/ca\/wp-json\/wp\/v2\/types\/product"}],"wp:featuredmedia":[{"embeddable":true,"href":"https:\/\/cavaguilera.com\/ca\/wp-json\/wp\/v2\/media\/26716"}],"wp:attachment":[{"href":"https:\/\/cavaguilera.com\/ca\/wp-json\/wp\/v2\/media?parent=26328"}],"wp:term":[{"taxonomy":"product_brand","embeddable":true,"href":"https:\/\/cavaguilera.com\/ca\/wp-json\/wp\/v2\/product_brand?post=26328"},{"taxonomy":"product_cat","embeddable":true,"href":"https:\/\/cavaguilera.com\/ca\/wp-json\/wp\/v2\/product_cat?post=26328"},{"taxonomy":"product_tag","embeddable":true,"href":"https:\/\/cavaguilera.com\/ca\/wp-json\/wp\/v2\/product_tag?post=26328"}],"curies":[{"name":"wp","href":"https:\/\/api.w.org\/{rel}","templated":true}]}}