{"id":26405,"date":"2024-11-06T12:08:55","date_gmt":"2024-11-06T11:08:55","guid":{"rendered":"https:\/\/cavaguilera.com\/?post_type=product&#038;p=26405"},"modified":"2026-04-15T12:26:15","modified_gmt":"2026-04-15T10:26:15","slug":"gastrocava-tast-cava-versatilitat","status":"publish","type":"product","link":"https:\/\/cavaguilera.com\/ca\/producto\/gastrocava-cata-cava-versatilidad\/","title":{"rendered":"Gastrocava Versatilitat"},"content":{"rendered":"<p style=\"text-align: left;\"><span style=\"color: #e45e40;\"><strong>El cava \u00e9s l&#039;escum\u00f3s m\u00e9s gastron\u00f2mic i vers\u00e0til<\/strong><\/span><\/p>\n<p style=\"text-align: left;\"><span style=\"color: #e45e40;\">Hi ha un cava perfecte per a cada persona i per a cada ocasi\u00f3, tot dep\u00e8n de les prefer\u00e8ncies de cadasc\u00fa i les caracter\u00edstiques del moment. <\/span><span style=\"color: #e45e40;\">Per aix\u00f2 tastarem quatre caves de llarga crian\u00e7a, Reserva i Gran Reserva, elaborats amb tres cupatges diferents. <\/span><span style=\"color: #e45e40;\">Completarem l'experi\u00e8ncia amb un maridatge gourmet: tres formatges especialment seleccionats per als nostres caves de crian\u00e7a o tres pat\u00e9s vegetals i vegans.<\/span><\/p>\n<p>&nbsp;<\/p>","protected":false},"excerpt":{"rendered":"<ul>\n<li><strong>Breve presentaci\u00f3n<\/strong>: filosof\u00eda e historia de la bodega.<\/li>\n<li><strong>Cata 4 cavas de crianza<\/strong>: tradicional + xarel\u00b7lo + rosado.<\/li>\n<li><strong>Maridaje con 3 quesos<\/strong> gourmet\u00a0o 3 pat\u00e9s vegetales.<\/li>\n<li><strong>De martes a s\u00e1bado <\/strong>[90 minutos] 10h, 12h, 14h, 16h.<\/li>\n<li><strong>Idiomas<\/strong>: catal\u00e1n, castellano e ingl\u00e9s. Franc\u00e9s consultar.<\/li>\n<li><strong>Cata privada<\/strong> con los propietarios: 2 &#8211; 12 personas.<\/li>\n<\/ul>\n","protected":false},"featured_media":29251,"template":"","meta":{"_acf_changed":false},"product_brand":[],"product_cat":[297,38,308],"product_tag":[309],"class_list":{"0":"post-26405","1":"product","2":"type-product","3":"status-publish","4":"has-post-thumbnail","6":"product_cat-cata-maridaje","7":"product_cat-enoturismo-penedes","8":"product_cat-experiencias","9":"product_tag-cata-de-cava","11":"first","12":"instock","13":"virtual","14":"sold-individually","15":"taxable","16":"purchasable","17":"product-type-booking"},"bundled_by":[],"bundle_stock_status":"instock","bundle_stock_quantity":null,"bundle_virtual":false,"bundle_layout":"","bundle_add_to_cart_form_location":"","bundle_editable_in_cart":false,"bundle_sold_individually_context":"","bundle_item_grouping":"","bundle_min_size":"","bundle_max_size":"","bundle_price":[],"bundled_items":[],"bundle_sell_ids":[],"acf":[],"_links":{"self":[{"href":"https:\/\/cavaguilera.com\/ca\/wp-json\/wp\/v2\/product\/26405","targetHints":{"allow":["GET"]}}],"collection":[{"href":"https:\/\/cavaguilera.com\/ca\/wp-json\/wp\/v2\/product"}],"about":[{"href":"https:\/\/cavaguilera.com\/ca\/wp-json\/wp\/v2\/types\/product"}],"wp:featuredmedia":[{"embeddable":true,"href":"https:\/\/cavaguilera.com\/ca\/wp-json\/wp\/v2\/media\/29251"}],"wp:attachment":[{"href":"https:\/\/cavaguilera.com\/ca\/wp-json\/wp\/v2\/media?parent=26405"}],"wp:term":[{"taxonomy":"product_brand","embeddable":true,"href":"https:\/\/cavaguilera.com\/ca\/wp-json\/wp\/v2\/product_brand?post=26405"},{"taxonomy":"product_cat","embeddable":true,"href":"https:\/\/cavaguilera.com\/ca\/wp-json\/wp\/v2\/product_cat?post=26405"},{"taxonomy":"product_tag","embeddable":true,"href":"https:\/\/cavaguilera.com\/ca\/wp-json\/wp\/v2\/product_tag?post=26405"}],"curies":[{"name":"wp","href":"https:\/\/api.w.org\/{rel}","templated":true}]}}