{"id":26433,"date":"2024-11-06T17:25:05","date_gmt":"2024-11-06T16:25:05","guid":{"rendered":"https:\/\/cavaguilera.com\/?post_type=product&#038;p=26433"},"modified":"2026-03-19T14:11:53","modified_gmt":"2026-03-19T13:11:53","slug":"gastrocava-tast-cava-grans-collites","status":"publish","type":"product","link":"https:\/\/cavaguilera.com\/ca\/producto\/gastrocava-cata-cava-grandes-cosechas\/","title":{"rendered":"Gastrocava Grans Collites"},"content":{"rendered":"<p><span style=\"color: #e45e40;\"><strong>El cava necessita temps per esdevenir un Gran Cava<\/strong><\/span><\/p>\n<p><span style=\"color: #e45e40;\">Profunditat, delicadesa, cremositat\u2026 i una vivacitat que sorpr\u00e8n i que ja \u00e9s marca de la casa. Si t'apassionen els escumosos de molt llarga crian\u00e7a, aquest \u00e9s el teu tast. Dues Grans Collites, produccions molt cuidades, edici\u00f3 especial limitada. Ambdues premiades als Decanter World Wine Awards i als Premis Vinari. Completarem l'experi\u00e8ncia amb un maridatge gourmet: tres formatges especialment seleccionats per als nostres caves de llarga crian\u00e7a o tres pat\u00e9s vegetals i vegans.<\/span><\/p>\n<p>&nbsp;<\/p>","protected":false},"excerpt":{"rendered":"<ul>\n<li><strong>Breve presentaci\u00f3n<\/strong>: filosof\u00eda e historia de la bodega.<\/li>\n<li><strong>Cata 3 cavas de crianza<\/strong>: 2 cavas colecci\u00f3n + 1 ic\u00f3nico.<\/li>\n<li><strong>Cavas colecci\u00f3n<\/strong>: AGOSARAT 2006 y Musivari 2007.<\/li>\n<li><strong>Maridaje con 3 quesos<\/strong> gourmet o 3 pat\u00e9s vegetales.<\/li>\n<li><strong>De martes a s\u00e1bado <\/strong>[90 minutos] 10h, 12h, 14h, 16h.<\/li>\n<li><strong>Idiomas<\/strong>: catal\u00e1n, castellano e ingl\u00e9s. Franc\u00e9s consultar.<\/li>\n<li><strong>Cata privada<\/strong> con los propietarios: 2 &#8211; 12 personas.<\/li>\n<\/ul>\n","protected":false},"featured_media":28736,"template":"","meta":{"_acf_changed":false},"product_brand":[],"product_cat":[297,38,308],"product_tag":[309],"class_list":{"0":"post-26433","1":"product","2":"type-product","3":"status-publish","4":"has-post-thumbnail","6":"product_cat-cata-maridaje","7":"product_cat-enoturismo-penedes","8":"product_cat-experiencias","9":"product_tag-cata-de-cava","11":"first","12":"instock","13":"virtual","14":"sold-individually","15":"taxable","16":"purchasable","17":"product-type-booking"},"bundled_by":[],"bundle_stock_status":"instock","bundle_stock_quantity":null,"bundle_virtual":false,"bundle_layout":"","bundle_add_to_cart_form_location":"","bundle_editable_in_cart":false,"bundle_sold_individually_context":"","bundle_item_grouping":"","bundle_min_size":"","bundle_max_size":"","bundle_price":[],"bundled_items":[],"bundle_sell_ids":[],"acf":[],"_links":{"self":[{"href":"https:\/\/cavaguilera.com\/ca\/wp-json\/wp\/v2\/product\/26433","targetHints":{"allow":["GET"]}}],"collection":[{"href":"https:\/\/cavaguilera.com\/ca\/wp-json\/wp\/v2\/product"}],"about":[{"href":"https:\/\/cavaguilera.com\/ca\/wp-json\/wp\/v2\/types\/product"}],"wp:featuredmedia":[{"embeddable":true,"href":"https:\/\/cavaguilera.com\/ca\/wp-json\/wp\/v2\/media\/28736"}],"wp:attachment":[{"href":"https:\/\/cavaguilera.com\/ca\/wp-json\/wp\/v2\/media?parent=26433"}],"wp:term":[{"taxonomy":"product_brand","embeddable":true,"href":"https:\/\/cavaguilera.com\/ca\/wp-json\/wp\/v2\/product_brand?post=26433"},{"taxonomy":"product_cat","embeddable":true,"href":"https:\/\/cavaguilera.com\/ca\/wp-json\/wp\/v2\/product_cat?post=26433"},{"taxonomy":"product_tag","embeddable":true,"href":"https:\/\/cavaguilera.com\/ca\/wp-json\/wp\/v2\/product_tag?post=26433"}],"curies":[{"name":"wp","href":"https:\/\/api.w.org\/{rel}","templated":true}]}}