{"id":27191,"date":"2025-03-21T13:42:32","date_gmt":"2025-03-21T12:42:32","guid":{"rendered":"https:\/\/cavaguilera.com\/?post_type=product&#038;p=27191"},"modified":"2026-02-28T13:08:04","modified_gmt":"2026-02-28T12:08:04","slug":"gastrocava-tast-cava-picnic-gourmet","status":"publish","type":"product","link":"https:\/\/cavaguilera.com\/ca\/producto\/gastrocava-cata-cava-picnic-gourmet\/","title":{"rendered":"Tast 4 Caves + Picnic Gourmet"},"content":{"rendered":"","protected":false},"excerpt":{"rendered":"<ul>\n<li><strong>Tast 4 caves Gran Reserva:<\/strong> Llarga crian\u00e7a xarel\u00b7lo vs cupatge tradicional. Guilera Red Xarel\u00b7la 2015, Guilera Green Xarel\u00b7la 2012, Guilera Musivari 2007 i Guilera AGOSARAT 2006. Tots han estat premiats als Decanter World Wine Awards i als Premis Vinari.<\/li>\n<li><strong>Opci\u00f3 1 \u2013 picnic original:<\/strong> formatges delicatessen, pat\u00e9s vegetals, fuet secallona, pat\u00e9 gourmet del Pened\u00e8s i guatlla desossada en escabetx. Postres tradicionals: copa cava rosat reserva, carquinyolis i cat\u00e0nies. M\u00ednim 2 persones.<\/li>\n<li><strong>Opci\u00f3 2 \u2013 picnic vegetari\u00e0:<\/strong> formatges delicatessen, pat\u00e9s vegetals, olives negres, esp\u00e0rrecs blancs IGP Navarra i favetes baby fregides. Postres tradicionals: copa cava rosat reserva, carquinyolis i cat\u00e0nies. M\u00ednim 2 persones.<\/li>\n<\/ul>","protected":false},"featured_media":25036,"template":"","meta":{"_acf_changed":false},"product_brand":[],"product_cat":[317],"product_tag":[309,311],"class_list":{"0":"post-27191","1":"product","2":"type-product","3":"status-publish","4":"has-post-thumbnail","6":"product_cat-fuera-catalogo","7":"product_tag-cata-de-cava","8":"product_tag-picnic","10":"first","11":"instock","12":"virtual","13":"sold-individually","14":"taxable","15":"purchasable","16":"product-type-booking"},"bundled_by":[],"bundle_stock_status":"instock","bundle_stock_quantity":null,"bundle_virtual":false,"bundle_layout":"","bundle_add_to_cart_form_location":"","bundle_editable_in_cart":false,"bundle_sold_individually_context":"","bundle_item_grouping":"","bundle_min_size":"","bundle_max_size":"","bundle_price":[],"bundled_items":[],"bundle_sell_ids":[],"acf":[],"_links":{"self":[{"href":"https:\/\/cavaguilera.com\/ca\/wp-json\/wp\/v2\/product\/27191","targetHints":{"allow":["GET"]}}],"collection":[{"href":"https:\/\/cavaguilera.com\/ca\/wp-json\/wp\/v2\/product"}],"about":[{"href":"https:\/\/cavaguilera.com\/ca\/wp-json\/wp\/v2\/types\/product"}],"wp:featuredmedia":[{"embeddable":true,"href":"https:\/\/cavaguilera.com\/ca\/wp-json\/wp\/v2\/media\/25036"}],"wp:attachment":[{"href":"https:\/\/cavaguilera.com\/ca\/wp-json\/wp\/v2\/media?parent=27191"}],"wp:term":[{"taxonomy":"product_brand","embeddable":true,"href":"https:\/\/cavaguilera.com\/ca\/wp-json\/wp\/v2\/product_brand?post=27191"},{"taxonomy":"product_cat","embeddable":true,"href":"https:\/\/cavaguilera.com\/ca\/wp-json\/wp\/v2\/product_cat?post=27191"},{"taxonomy":"product_tag","embeddable":true,"href":"https:\/\/cavaguilera.com\/ca\/wp-json\/wp\/v2\/product_tag?post=27191"}],"curies":[{"name":"wp","href":"https:\/\/api.w.org\/{rel}","templated":true}]}}