{"id":28137,"date":"2025-11-26T11:59:22","date_gmt":"2025-11-26T10:59:22","guid":{"rendered":"https:\/\/cavaguilera.com\/?post_type=product&#038;p=28137"},"modified":"2026-04-08T13:12:57","modified_gmt":"2026-04-08T11:12:57","slug":"cava-guilera-etiqueta-personalitzada","status":"publish","type":"product","link":"https:\/\/cavaguilera.com\/ca\/producto\/cava-guilera-etiqueta-personalizada\/","title":{"rendered":"Cava Guilera Etiqueta Personalitzada"},"content":{"rendered":"<p><img fetchpriority=\"high\" decoding=\"async\" class=\"wp-image-28139 alignright\" style=\"border-radius: 10px;\" src=\"https:\/\/cavaguilera.com\/wp-content\/uploads\/2025\/11\/cava-guilera-personalitzat-artesa.webp\" alt=\"\" width=\"254\" height=\"443\" srcset=\"https:\/\/cavaguilera.com\/wp-content\/uploads\/2025\/11\/cava-guilera-personalitzat-artesa.webp 688w, https:\/\/cavaguilera.com\/wp-content\/uploads\/2025\/11\/cava-guilera-personalitzat-artesa-172x300.webp 172w, https:\/\/cavaguilera.com\/wp-content\/uploads\/2025\/11\/cava-guilera-personalitzat-artesa-86x150.webp 86w, https:\/\/cavaguilera.com\/wp-content\/uploads\/2025\/11\/cava-guilera-personalitzat-artesa-7x12.webp 7w\" sizes=\"(max-width: 254px) 100vw, 254px\" \/><\/p>\n<p>T&#039;agradaria tenir el teu cava? Dissenya la teva etiqueta i nosaltres etiquetem el cava a m\u00e0 i t&#039;ho enviem a casa. Perfecte per a empreses, casaments, aniversaris o regals especials.<\/p>\n<p><strong>Comanda m\u00ednima:<\/strong> 12 ampolles de 75 cl.<br \/>\n<strong>Preu per ampolla:<\/strong> preu habitual +1\u20ac<br \/>\n<strong>Temps d'entrega:\u00a0<\/strong>10-15 dies des de la validaci\u00f3 de l&#039;etiqueta.<\/p>\n<p>&nbsp;<\/p>\n<h2>Preparaci\u00f3 de l&#039;etiqueta<\/h2>\n<ul>\n<li><strong>Disseny lliure:<\/strong> resoluci\u00f3 de 300dpi i format .jpg<\/li>\n<li><strong>Grand\u00e0ria d&#039;etiqueta:<\/strong> 10,5 x 8,5 cm (ample x alt).<\/li>\n<li><strong>Atenci\u00f3:<\/strong> es perdran 2 mm per cada costat.<\/li>\n<\/ul>\n<div style=\"margin-top: 1em; padding: 1em; background-color: var( --e-global-color-64aab1e );\"><strong>Important:\u00a0<\/strong>Envia el teu disseny per correu electr\u00f2nic a <a style=\"text-decoration: underline;\" href=\"mailto:pedidos@cavaguilera.com\">pedidos@cavaguilera.com<\/a><\/div>","protected":false},"excerpt":{"rendered":"<p>\u00bfTe gustar\u00eda tener tu propio cava? Dise\u00f1a tu etiqueta y nosotros etiquetamos el cava a mano y te lo enviamos a casa. Perfecto para empresas, bodas, cumplea\u00f1os o regalos especiales. Pedido m\u00ednimo: 12 botellas de 75 cl. Precio por botella: precio habitual +1\u20ac Tiempo de entrega:\u00a010 &#8211; 15 d\u00edas desde la validaci\u00f3n de la etiqueta. [&hellip;]<\/p>\n","protected":false},"featured_media":28138,"template":"","meta":{"_acf_changed":false},"product_brand":[],"product_cat":[51,313],"product_tag":[],"class_list":{"0":"post-28137","1":"product","2":"type-product","3":"status-publish","4":"has-post-thumbnail","6":"product_cat-cava-crianza","7":"product_cat-promociones-cava","9":"first","10":"instock","11":"taxable","12":"shipping-taxable","13":"purchasable","14":"product-type-variable","15":"has-default-attributes"},"bundled_by":[],"bundle_stock_status":"instock","bundle_stock_quantity":null,"bundle_virtual":false,"bundle_layout":"","bundle_add_to_cart_form_location":"","bundle_editable_in_cart":false,"bundle_sold_individually_context":"","bundle_item_grouping":"","bundle_min_size":"","bundle_max_size":"","bundle_price":[],"bundled_items":[],"bundle_sell_ids":[],"acf":[],"_links":{"self":[{"href":"https:\/\/cavaguilera.com\/ca\/wp-json\/wp\/v2\/product\/28137","targetHints":{"allow":["GET"]}}],"collection":[{"href":"https:\/\/cavaguilera.com\/ca\/wp-json\/wp\/v2\/product"}],"about":[{"href":"https:\/\/cavaguilera.com\/ca\/wp-json\/wp\/v2\/types\/product"}],"wp:featuredmedia":[{"embeddable":true,"href":"https:\/\/cavaguilera.com\/ca\/wp-json\/wp\/v2\/media\/28138"}],"wp:attachment":[{"href":"https:\/\/cavaguilera.com\/ca\/wp-json\/wp\/v2\/media?parent=28137"}],"wp:term":[{"taxonomy":"product_brand","embeddable":true,"href":"https:\/\/cavaguilera.com\/ca\/wp-json\/wp\/v2\/product_brand?post=28137"},{"taxonomy":"product_cat","embeddable":true,"href":"https:\/\/cavaguilera.com\/ca\/wp-json\/wp\/v2\/product_cat?post=28137"},{"taxonomy":"product_tag","embeddable":true,"href":"https:\/\/cavaguilera.com\/ca\/wp-json\/wp\/v2\/product_tag?post=28137"}],"curies":[{"name":"wp","href":"https:\/\/api.w.org\/{rel}","templated":true}]}}