{"id":29134,"date":"2026-02-27T17:16:40","date_gmt":"2026-02-27T16:16:40","guid":{"rendered":"https:\/\/cavaguilera.com\/?post_type=product&#038;p=29134"},"modified":"2026-02-28T11:46:03","modified_gmt":"2026-02-28T10:46:03","slug":"pack-cava-floracio","status":"publish","type":"product","link":"https:\/\/cavaguilera.com\/ca\/producto\/pack-cava-floracion\/","title":{"rendered":"Pack Cava Floraci\u00f3"},"content":{"rendered":"<p>&nbsp;<\/p>\n<p style=\"text-align: center;\"><strong>Cava de llarga crian\u00e7a i flors de xocolata Sim\u00f3n \u2013 Coll.<\/strong><\/p>\n<p style=\"text-align: center;\">Hem preparat un pack de caves molt especial per celebrar el Dia de la Dona, Setmana Santa i Sant Jordi. Una selecci\u00f3 de 6 ampolles de cava i 24 flors de xocolata de regal. Una combinaci\u00f3 de sabors infal\u00b7lible per crear moments deliciosos i irrepetibles.<\/p>\n<p>&nbsp;<\/p>\n<p style=\"text-align: center;\"><strong>Qu\u00e8 et semblen els nostres combinats?<\/strong><\/p>\n<p style=\"text-align: center;\">Cada ampolla cont\u00e9 unes 6 copes\u2026 Far de les Pl\u00e8iades 2020 + 6 flors de xocolata amb gerds, Red Xarel\u00b7la 2015 + 6 flors de xocolata amb taronja, Green Xarel\u00b7la 2012 + 6 flors de xocolata blanca amb llimona i AGOSARAT 2006 + 6 flors de xocolata amb marc de cava.<\/p>\n<p>&nbsp;<\/p>\n<p style=\"text-align: center;\"><strong><span style=\"color: #e45e40;\">Per la floraci\u00f3 de la dona, la cultura inquieta i l'amor saludable. Per ren\u00e9ixer i florir una vegada i una altra i donar la millor versi\u00f3 de nosaltres.<\/span><\/strong><\/p>\n<p>&nbsp;<\/p>\n<p style=\"text-align: center;\">El Pack Floraci\u00f3 cont\u00e9 6 ampolles de cava i 24 bombons de xocolata de regal. Enviament disponible nom\u00e9s a la pen\u00ednsula ib\u00e8rica. Promoci\u00f3 v\u00e0lida fins al 26 d&#039;abril del 2026.<\/p>\n<p>&nbsp;<\/p>","protected":false},"excerpt":{"rendered":"<p>Hem preparat un pack de caves molt especial per celebrar el Dia de la Dona, Setmana Santa i Sant Jordi. <strong>Cava de llarga crian\u00e7a i flors de xocolata Sim\u00f3n \u2013 Coll.<\/strong> Una combinaci\u00f3 de sabors infal\u00b7lible per crear moments deliciosos i irrepetibles.<\/p>","protected":false},"featured_media":29135,"template":"","meta":{"_acf_changed":false},"product_brand":[],"product_cat":[51,313],"product_tag":[312],"class_list":{"0":"post-29134","1":"product","2":"type-product","3":"status-publish","4":"has-post-thumbnail","6":"product_cat-cava-crianza","7":"product_cat-promociones-cava","8":"product_tag-bundle","10":"first","11":"instock","12":"virtual","13":"taxable","14":"purchasable","15":"product-type-bundle"},"bundled_by":[],"bundle_stock_status":"instock","bundle_stock_quantity":9552,"bundle_virtual":false,"bundle_layout":"default","bundle_add_to_cart_form_location":"default","bundle_editable_in_cart":false,"bundle_sold_individually_context":"product","bundle_item_grouping":"parent","bundle_min_size":6,"bundle_max_size":6,"bundle_price":{"price":{"min":{"incl_tax":"161.55","excl_tax":"133.512397"},"max":{"incl_tax":"161.55","excl_tax":"133.512397"}},"regular_price":{"min":{"incl_tax":"161.55","excl_tax":"133.512397"},"max":{"incl_tax":"161.55","excl_tax":"133.512397"}}},"bundled_items":[{"bundled_item_id":106,"product_id":108,"menu_order":0,"quantity_min":3,"quantity_max":3,"quantity_default":3,"priced_individually":false,"shipped_individually":false,"override_title":false,"title":"Guilera Far de les Pl\u00e8iades 2020","override_description":false,"description":"","optional":false,"hide_thumbnail":false,"discount":"","override_variations":false,"allowed_variations":[],"override_default_variation_attributes":false,"default_variation_attributes":[],"single_product_visibility":"visible","cart_visibility":"visible","order_visibility":"visible","single_product_price_visibility":"visible","cart_price_visibility":"visible","order_price_visibility":"visible","stock_status":"in_stock"},{"bundled_item_id":108,"product_id":1263,"menu_order":1,"quantity_min":1,"quantity_max":1,"quantity_default":1,"priced_individually":false,"shipped_individually":false,"override_title":false,"title":"Guilera Red Xarel\u00b7la 2015","override_description":false,"description":"","optional":false,"hide_thumbnail":false,"discount":"","override_variations":false,"allowed_variations":[],"override_default_variation_attributes":false,"default_variation_attributes":[],"single_product_visibility":"visible","cart_visibility":"visible","order_visibility":"visible","single_product_price_visibility":"visible","cart_price_visibility":"visible","order_price_visibility":"visible","stock_status":"in_stock"},{"bundled_item_id":109,"product_id":1247,"menu_order":2,"quantity_min":1,"quantity_max":1,"quantity_default":1,"priced_individually":false,"shipped_individually":false,"override_title":false,"title":"Guilera Green Xarel\u00b7la 2012","override_description":false,"description":"","optional":false,"hide_thumbnail":false,"discount":"","override_variations":false,"allowed_variations":[],"override_default_variation_attributes":false,"default_variation_attributes":[],"single_product_visibility":"visible","cart_visibility":"visible","order_visibility":"visible","single_product_price_visibility":"visible","cart_price_visibility":"visible","order_price_visibility":"visible","stock_status":"in_stock"},{"bundled_item_id":110,"product_id":154,"menu_order":3,"quantity_min":1,"quantity_max":1,"quantity_default":1,"priced_individually":false,"shipped_individually":false,"override_title":false,"title":"Guilera AGOSARAT 2006","override_description":false,"description":"","optional":false,"hide_thumbnail":false,"discount":"","override_variations":false,"allowed_variations":[],"override_default_variation_attributes":false,"default_variation_attributes":[],"single_product_visibility":"visible","cart_visibility":"visible","order_visibility":"visible","single_product_price_visibility":"visible","cart_price_visibility":"visible","order_price_visibility":"visible","stock_status":"in_stock"}],"bundle_sell_ids":[],"acf":[],"_links":{"self":[{"href":"https:\/\/cavaguilera.com\/ca\/wp-json\/wp\/v2\/product\/29134","targetHints":{"allow":["GET"]}}],"collection":[{"href":"https:\/\/cavaguilera.com\/ca\/wp-json\/wp\/v2\/product"}],"about":[{"href":"https:\/\/cavaguilera.com\/ca\/wp-json\/wp\/v2\/types\/product"}],"wp:featuredmedia":[{"embeddable":true,"href":"https:\/\/cavaguilera.com\/ca\/wp-json\/wp\/v2\/media\/29135"}],"wp:attachment":[{"href":"https:\/\/cavaguilera.com\/ca\/wp-json\/wp\/v2\/media?parent=29134"}],"wp:term":[{"taxonomy":"product_brand","embeddable":true,"href":"https:\/\/cavaguilera.com\/ca\/wp-json\/wp\/v2\/product_brand?post=29134"},{"taxonomy":"product_cat","embeddable":true,"href":"https:\/\/cavaguilera.com\/ca\/wp-json\/wp\/v2\/product_cat?post=29134"},{"taxonomy":"product_tag","embeddable":true,"href":"https:\/\/cavaguilera.com\/ca\/wp-json\/wp\/v2\/product_tag?post=29134"}],"curies":[{"name":"wp","href":"https:\/\/api.w.org\/{rel}","templated":true}]}}