{"id":8619,"date":"2020-06-30T17:34:36","date_gmt":"2020-06-30T15:34:36","guid":{"rendered":"https:\/\/cavaguilera.com\/producto\/bike-taste-plaer-entre-vinyes\/"},"modified":"2026-02-19T16:54:00","modified_gmt":"2026-02-19T15:54:00","slug":"origata-ruta-bicicleta-electrica-cava-picnic-gourmet","status":"publish","type":"product","link":"https:\/\/cavaguilera.com\/ca\/producto\/origata-ruta-bicicleta-electrica-cava-picnic-gourmet\/","title":{"rendered":"Ruta amb bicicleta el\u00e8ctrica i p\u00edcnic gourmet entre vinyes"},"content":{"rendered":"<h3><\/h3>\n<p><strong>RUTA AUTOGUIADA<\/strong><\/p>\n<p>L&#039;experi\u00e8ncia comen\u00e7a al centre Enobicing Pened\u00e8s, ubicat a l&#039;estaci\u00f3 de tren renfe de Lavern Subirats. All\u00ed et donaran la benvinguda i t&#039;entregaran la bicicleta el\u00e8ctrica, el casc i el track de la ruta. La ruta te una durada m\u00e0xima de 4h. La bicicleta es lliura a les 10h i s&#039;ha de tornar a les 14h. I tot seguit, passeig de 10 minuts fins a Cava Guilera, on gaudir\u00e0s d&#039;un p\u00edcnic gurmet entre vinyes.<\/p>\n<p>&nbsp;<\/p>\n<p><strong>PICNIC GOURMET<\/strong><\/p>\n<p>El cava combina amb tot i \u00e9s un gran enlla\u00e7ador de sabors. Per aix\u00f2 hem preparat una selecci\u00f3 de productes locals de qualitat i conserves gurmet peninsulars. Perqu\u00e8 gaudeixis del fest\u00ed mentre redescobris la immensa versatilitat del cava. Com que ens agrada cuidar totes les sensibilitats, t&#039;oferim dues possibilitats: p\u00edcnic original o vegetari\u00e0. Si tens alguna al\u00b7l\u00e8rgia o intoler\u00e0ncia, avisa&#039;ns amb anterioritat.<\/p>\n<p>&nbsp;<\/p>\n<ul>\n<li><strong>Opci\u00f3 1 \u2013 p\u00edcnic original:<\/strong> 1 ampolla de cava Brut Nature Gran Reserva per compartir entre 2 \u2013 3 persones, formatges delicatessen, pat\u00e9s vegetals, fuet secallona, pat\u00e9 gourmet del Pened\u00e8s, guatlla desossada en escabetx i torradetes. Postres tradicionals: copa de cava rosat reserva, carquinyolis i cat\u00e0nies. <span style=\"text-decoration: underline;\">M\u00ednim 2 persones<\/span>.<\/li>\n<li><strong>Opci\u00f3 2 \u2013 p\u00edcnic vegetari\u00e0:<\/strong> 1 ampolla de cava Brut Nature Gran Reserva per compartir entre 2 \u2013 3 persones, formatges delicatessen, pat\u00e9s vegetals, olives negres, esp\u00e0rrecs blancs IGP Navarra, favetes baby fregides i torradetes. Postres tradicionals: copa de cava rosat reserva, carquinyolis i cat\u00e0nies. <span style=\"text-decoration: underline;\">M\u00ednim 2 persones<\/span>.<\/li>\n<\/ul>\n<p>&nbsp;<\/p>\n<p><strong>Idiomes: catal\u00e0, castell\u00e0 i angl\u00e8s.<\/strong><\/p>\n<p><span style=\"color: #e45e40;\">Quan sol\u00b7licitis confirmaci\u00f3, et demanarem que et registris com a usuari de la web. Nom\u00e9s et demanarem un email per comunicar-te si tenim disponibilitat. En cas afirmatiu, tamb\u00e9 reb\u00e0s l'enlla\u00e7 per fer el pagament.<\/span><\/p>","protected":false},"excerpt":{"rendered":"<ul>\n<li><strong>Ruta autoguiada amb bicicleta el\u00e8ctrica<\/strong> entre vinyes del Pened\u00e8s. Organitza: Enobicing Pened\u00e8s.<\/li>\n<li><strong>Dos caves de llarga crian\u00e7a:<\/strong> Brut Nature Gran Reserva per l'\u00e0pat i Brut Rosat Reserva per les postres.<\/li>\n<li><strong>Picnic gourmet: original o vegetari\u00e0<\/strong>. Una selecci\u00f3 de productes locals i conserves peninsulars.<\/li>\n<\/ul>","protected":false},"featured_media":21884,"template":"","meta":{"_acf_changed":false},"product_brand":[],"product_cat":[38,308,69],"product_tag":[311],"class_list":{"0":"post-8619","1":"product","2":"type-product","3":"status-publish","4":"has-post-thumbnail","6":"product_cat-enoturismo-penedes","7":"product_cat-experiencias","8":"product_cat-visita-bodega","9":"product_tag-picnic","11":"first","12":"instock","13":"virtual","14":"sold-individually","15":"taxable","16":"purchasable","17":"product-type-booking"},"bundled_by":[],"bundle_stock_status":"instock","bundle_stock_quantity":null,"bundle_virtual":false,"bundle_layout":"","bundle_add_to_cart_form_location":"","bundle_editable_in_cart":false,"bundle_sold_individually_context":"","bundle_item_grouping":"","bundle_min_size":"","bundle_max_size":"","bundle_price":[],"bundled_items":[],"bundle_sell_ids":[],"acf":[],"_links":{"self":[{"href":"https:\/\/cavaguilera.com\/ca\/wp-json\/wp\/v2\/product\/8619","targetHints":{"allow":["GET"]}}],"collection":[{"href":"https:\/\/cavaguilera.com\/ca\/wp-json\/wp\/v2\/product"}],"about":[{"href":"https:\/\/cavaguilera.com\/ca\/wp-json\/wp\/v2\/types\/product"}],"wp:featuredmedia":[{"embeddable":true,"href":"https:\/\/cavaguilera.com\/ca\/wp-json\/wp\/v2\/media\/21884"}],"wp:attachment":[{"href":"https:\/\/cavaguilera.com\/ca\/wp-json\/wp\/v2\/media?parent=8619"}],"wp:term":[{"taxonomy":"product_brand","embeddable":true,"href":"https:\/\/cavaguilera.com\/ca\/wp-json\/wp\/v2\/product_brand?post=8619"},{"taxonomy":"product_cat","embeddable":true,"href":"https:\/\/cavaguilera.com\/ca\/wp-json\/wp\/v2\/product_cat?post=8619"},{"taxonomy":"product_tag","embeddable":true,"href":"https:\/\/cavaguilera.com\/ca\/wp-json\/wp\/v2\/product_tag?post=8619"}],"curies":[{"name":"wp","href":"https:\/\/api.w.org\/{rel}","templated":true}]}}