{"id":23077,"date":"2023-09-06T12:17:25","date_gmt":"2023-09-06T10:17:25","guid":{"rendered":"https:\/\/cavaguilera.com\/?page_id=23077"},"modified":"2026-02-25T14:48:56","modified_gmt":"2026-02-25T13:48:56","slug":"camperlife-rv-penedes-motorhomes","status":"publish","type":"page","link":"https:\/\/cavaguilera.com\/en\/enoturismo\/camperlife-rv-penedes-autocaravanas\/","title":{"rendered":"Sleep among vineyards with a motorhome"},"content":{"rendered":"\t\t<div data-elementor-type=\"wp-page\" data-elementor-id=\"23077\" class=\"elementor elementor-23077\" data-elementor-post-type=\"page\">\n\t\t\t\t<div class=\"elementor-element elementor-element-d1939f8 e-con-full e-flex e-con e-parent\" data-id=\"d1939f8\" data-element_type=\"container\" data-e-type=\"container\" data-settings=\"{&quot;background_background&quot;:&quot;classic&quot;}\">\n\t\t<div class=\"elementor-element elementor-element-f6a0c95 e-con-full e-flex e-con e-child\" data-id=\"f6a0c95\" data-element_type=\"container\" data-e-type=\"container\">\n\t\t<div class=\"elementor-element elementor-element-21880e9 e-flex e-con-boxed e-con e-child\" data-id=\"21880e9\" data-element_type=\"container\" data-e-type=\"container\">\n\t\t\t\t\t<div class=\"e-con-inner\">\n\t\t\t\t<div class=\"elementor-element elementor-element-5c5afcf elementor-widget-tablet__width-initial elementor-widget__width-initial elementor-widget elementor-widget-heading\" data-id=\"5c5afcf\" data-element_type=\"widget\" data-e-type=\"widget\" data-widget_type=\"heading.default\">\n\t\t\t\t\t<h1 class=\"elementor-heading-title elementor-size-xxl\">Duerme entre vi\u00f1edos con tu autocaravana<\/h1>\t\t\t\t<\/div>\n\t\t\t\t<div class=\"elementor-element elementor-element-b855082 elementor-widget elementor-widget-text-editor\" data-id=\"b855082\" data-element_type=\"widget\" data-e-type=\"widget\" data-widget_type=\"text-editor.default\">\n\t\t\t\t\t\t\t\t\t<p>En Cava Guilera disponemos de una \u00e1rea para campers y autocaravanas al lado de la bodega, entre vi\u00f1edos.<\/p><p>Si quieres descansar antes de continuar el viaje o sientes curiosidad por el cava y sus paisajes, ven a visitarnos!<\/p><ul><li><strong>Abierto 24h y 365 d\u00edas al a\u00f1o.<\/strong><\/li><li><strong>Gratuito y sin reserva previa.<\/strong><\/li><\/ul>\t\t\t\t\t\t\t\t<\/div>\n\t\t\t\t<div class=\"elementor-element elementor-element-e344c80 elementor-tablet-align-center elementor-mobile-align-center elementor-widget elementor-widget-button\" data-id=\"e344c80\" data-element_type=\"widget\" data-e-type=\"widget\" data-widget_type=\"button.default\">\n\t\t\t\t\t\t\t\t\t\t<a class=\"elementor-button elementor-button-link elementor-size-lg\" href=\"https:\/\/cavaguilera.com\/en\/donde-estamos\/\">\n\t\t\t\t\t\t<span class=\"elementor-button-content-wrapper\">\n\t\t\t\t\t\t\t\t\t<span class=\"elementor-button-text\">\u00bfC\u00f3mo llegar?<\/span>\n\t\t\t\t\t<\/span>\n\t\t\t\t\t<\/a>\n\t\t\t\t\t\t\t\t<\/div>\n\t\t\t\t\t<\/div>\n\t\t\t\t<\/div>\n\t\t\t\t<\/div>\n\t\t<div class=\"elementor-element elementor-element-6397747 e-con-full e-flex e-con e-child\" data-id=\"6397747\" data-element_type=\"container\" data-e-type=\"container\" data-settings=\"{&quot;background_background&quot;:&quot;classic&quot;}\">\n\t\t\t\t<\/div>\n\t\t\t\t<\/div>\n\t\t<div class=\"elementor-element elementor-element-55fbae26 e-con-full e-flex e-con e-parent\" data-id=\"55fbae26\" data-element_type=\"container\" data-e-type=\"container\" data-settings=\"{&quot;background_background&quot;:&quot;classic&quot;}\">\n\t\t<div class=\"elementor-element elementor-element-61602b e-con-full e-flex e-con e-child\" data-id=\"61602b\" data-element_type=\"container\" data-e-type=\"container\">\n\t\t<div class=\"elementor-element elementor-element-7c9bee4c e-con-full e-flex e-con e-child\" data-id=\"7c9bee4c\" data-element_type=\"container\" data-e-type=\"container\">\n\t\t\t\t<div class=\"elementor-element elementor-element-196d10e elementor-widget elementor-widget-heading\" data-id=\"196d10e\" data-element_type=\"widget\" data-e-type=\"widget\" data-widget_type=\"heading.default\">\n\t\t\t\t\t<h3 class=\"elementor-heading-title elementor-size-medium\">L\u00edmites<\/h3>\t\t\t\t<\/div>\n\t\t\t\t<div class=\"elementor-element elementor-element-bd50dab no-margin-p elementor-widget elementor-widget-text-editor\" data-id=\"bd50dab\" data-element_type=\"widget\" data-e-type=\"widget\" data-widget_type=\"text-editor.default\">\n\t\t\t\t\t\t\t\t\t<p>Estancia m\u00e1xima [2 noches] y capacidad m\u00e1xima [4 autocaravanas].<\/p>\t\t\t\t\t\t\t\t<\/div>\n\t\t\t\t<\/div>\n\t\t<div class=\"elementor-element elementor-element-6a79febf e-con-full e-flex e-con e-child\" data-id=\"6a79febf\" data-element_type=\"container\" data-e-type=\"container\">\n\t\t\t\t<div class=\"elementor-element elementor-element-df61711 elementor-widget elementor-widget-heading\" data-id=\"df61711\" data-element_type=\"widget\" data-e-type=\"widget\" data-widget_type=\"heading.default\">\n\t\t\t\t\t<h3 class=\"elementor-heading-title elementor-size-medium\">Mascotas<\/h3>\t\t\t\t<\/div>\n\t\t\t\t<div class=\"elementor-element elementor-element-1f791c4 no-margin-p elementor-widget elementor-widget-text-editor\" data-id=\"1f791c4\" data-element_type=\"widget\" data-e-type=\"widget\" data-widget_type=\"text-editor.default\">\n\t\t\t\t\t\t\t\t\t<p>Las mascotas son bienvenidas, por favor pide permiso antes de dejarlas libres.<\/p>\t\t\t\t\t\t\t\t<\/div>\n\t\t\t\t<\/div>\n\t\t<div class=\"elementor-element elementor-element-50b722c4 e-con-full e-flex e-con e-child\" data-id=\"50b722c4\" data-element_type=\"container\" data-e-type=\"container\">\n\t\t\t\t<div class=\"elementor-element elementor-element-c7cdeff elementor-widget elementor-widget-heading\" data-id=\"c7cdeff\" data-element_type=\"widget\" data-e-type=\"widget\" data-widget_type=\"heading.default\">\n\t\t\t\t\t<h3 class=\"elementor-heading-title elementor-size-medium\">\u00c1rea no vigilada<\/h3>\t\t\t\t<\/div>\n\t\t\t\t<div class=\"elementor-element elementor-element-657df6b no-margin-p elementor-widget elementor-widget-text-editor\" data-id=\"657df6b\" data-element_type=\"widget\" data-e-type=\"widget\" data-widget_type=\"text-editor.default\">\n\t\t\t\t\t\t\t\t\t<p>Cava Guilera no se responsabiliza de posibles incidencias.<\/p>\t\t\t\t\t\t\t\t<\/div>\n\t\t\t\t<\/div>\n\t\t<div class=\"elementor-element elementor-element-318aa908 e-con-full e-flex e-con e-child\" data-id=\"318aa908\" data-element_type=\"container\" data-e-type=\"container\">\n\t\t\t\t<div class=\"elementor-element elementor-element-46df688 elementor-widget elementor-widget-heading\" data-id=\"46df688\" data-element_type=\"widget\" data-e-type=\"widget\" data-widget_type=\"heading.default\">\n\t\t\t\t\t<h3 class=\"elementor-heading-title elementor-size-medium\">Respeto<\/h3>\t\t\t\t<\/div>\n\t\t\t\t<div class=\"elementor-element elementor-element-a6db5e5 no-margin-p elementor-widget elementor-widget-text-editor\" data-id=\"a6db5e5\" data-element_type=\"widget\" data-e-type=\"widget\" data-widget_type=\"text-editor.default\">\n\t\t\t\t\t\t\t\t\t<p>Mant\u00e9n el espacio limpio y respeta el descanso de todos los visitantes.<\/p>\t\t\t\t\t\t\t\t<\/div>\n\t\t\t\t<\/div>\n\t\t\t\t<\/div>\n\t\t<div class=\"elementor-element elementor-element-7eba0c05 e-con-full e-flex e-con e-child\" data-id=\"7eba0c05\" data-element_type=\"container\" data-e-type=\"container\">\n\t\t\t\t<div class=\"elementor-element elementor-element-d1cb407 elementor-widget elementor-widget-heading\" data-id=\"d1cb407\" data-element_type=\"widget\" data-e-type=\"widget\" data-widget_type=\"heading.default\">\n\t\t\t\t\t<h2 class=\"elementor-heading-title elementor-size-large\">Condiciones y servicios<\/h2>\t\t\t\t<\/div>\n\t\t\t\t<div class=\"elementor-element elementor-element-cdc037b elementor-widget elementor-widget-text-editor\" data-id=\"cdc037b\" data-element_type=\"widget\" data-e-type=\"widget\" data-widget_type=\"text-editor.default\">\n\t\t\t\t\t\t\t\t\t<p>Encontrar\u00e1s todos los servicios para autocaravanas a 500 metros de la bodega, en la estaci\u00f3n de tren renfe de Lavern Subirats: carga de agua potable, vaciado de aguas grises y negras y un contenedor para depositar la basura.<\/p><p>Ven a conocer nuestro espacio y aprovecha para disfrutar de alguna de nuestras catas con encanto: cava de larga crianza, productos locales y conservas peninsulares.<\/p>\t\t\t\t\t\t\t\t<\/div>\n\t\t\t\t<\/div>\n\t\t\t\t<\/div>\n\t\t<div class=\"elementor-element elementor-element-135959c e-flex e-con-boxed e-con e-parent\" data-id=\"135959c\" data-element_type=\"container\" data-e-type=\"container\" data-settings=\"{&quot;background_background&quot;:&quot;classic&quot;}\">\n\t\t\t\t\t<div class=\"e-con-inner\">\n\t\t\t\t<div class=\"elementor-element elementor-element-d754aaa elementor-widget__width-initial elementor-widget-tablet__width-initial elementor-widget elementor-widget-heading\" data-id=\"d754aaa\" data-element_type=\"widget\" data-e-type=\"widget\" data-widget_type=\"heading.default\">\n\t\t\t\t\t<h2 class=\"elementor-heading-title elementor-size-default\">Tienda, cava bar y cata maridaje entre vi\u00f1edos del Pened\u00e8s<\/h2>\t\t\t\t<\/div>\n\t\t\t\t<div class=\"elementor-element elementor-element-506a552 elementor-widget-laptop__width-initial elementor-widget elementor-widget-text-editor\" data-id=\"506a552\" data-element_type=\"widget\" data-e-type=\"widget\" data-widget_type=\"text-editor.default\">\n\t\t\t\t\t\t\t\t\t<p><span style=\"font-weight: 400;\">Hemos creado unas terracitas con encanto entre vi\u00f1edos para que puedas saborear todos nuestros cavas de crianza [Reserva y Gran Reserva] acompa\u00f1ados de productos locales y conservas peninsulares. Los propietarios recibimos a todos los visitantes.<\/span><\/p>\t\t\t\t\t\t\t\t<\/div>\n\t\t\t\t\t<\/div>\n\t\t\t\t<\/div>\n\t\t\t\t<\/div>\n\t\t","protected":false},"excerpt":{"rendered":"<p>Duerme entre vi\u00f1edos con tu autocaravana En Cava Guilera disponemos de una \u00e1rea para campers y autocaravanas al lado de la bodega, entre vi\u00f1edos. Si quieres descansar antes de continuar el viaje o sientes curiosidad por el cava y sus paisajes, ven a visitarnos! Abierto 24h y 365 d\u00edas al a\u00f1o. Gratuito y sin reserva [&hellip;]<\/p>\n","protected":false},"author":10000185,"featured_media":0,"parent":205,"menu_order":0,"comment_status":"closed","ping_status":"closed","template":"elementor_header_footer","meta":{"_acf_changed":false,"footnotes":""},"class_list":["post-23077","page","type-page","status-publish","hentry"],"acf":[],"_links":{"self":[{"href":"https:\/\/cavaguilera.com\/en\/wp-json\/wp\/v2\/pages\/23077","targetHints":{"allow":["GET"]}}],"collection":[{"href":"https:\/\/cavaguilera.com\/en\/wp-json\/wp\/v2\/pages"}],"about":[{"href":"https:\/\/cavaguilera.com\/en\/wp-json\/wp\/v2\/types\/page"}],"author":[{"embeddable":true,"href":"https:\/\/cavaguilera.com\/en\/wp-json\/wp\/v2\/users\/10000185"}],"replies":[{"embeddable":true,"href":"https:\/\/cavaguilera.com\/en\/wp-json\/wp\/v2\/comments?post=23077"}],"version-history":[{"count":24,"href":"https:\/\/cavaguilera.com\/en\/wp-json\/wp\/v2\/pages\/23077\/revisions"}],"predecessor-version":[{"id":29130,"href":"https:\/\/cavaguilera.com\/en\/wp-json\/wp\/v2\/pages\/23077\/revisions\/29130"}],"up":[{"embeddable":true,"href":"https:\/\/cavaguilera.com\/en\/wp-json\/wp\/v2\/pages\/205"}],"wp:attachment":[{"href":"https:\/\/cavaguilera.com\/en\/wp-json\/wp\/v2\/media?parent=23077"}],"curies":[{"name":"wp","href":"https:\/\/api.w.org\/{rel}","templated":true}]}}