{"id":23541,"date":"2023-09-21T16:53:48","date_gmt":"2023-09-21T14:53:48","guid":{"rendered":"https:\/\/cavaguilera.com\/?page_id=23541"},"modified":"2026-03-18T14:05:39","modified_gmt":"2026-03-18T13:05:39","slug":"shipping-rates","status":"publish","type":"page","link":"https:\/\/cavaguilera.com\/en\/tarifas-de-envio\/","title":{"rendered":"Shipping rates"},"content":{"rendered":"<p>At Cava Guilera, we strive to provide a quality delivery service so that you can enjoy our long-aged cavas in the comfort of your home. Below we detail our delivery terms.<\/p>\n<h2>Free shipping in mainland Spain<\/h2>\n<ol>\n<li><strong>Free shipping:<\/strong> We offer free shipping for all orders in mainland Spain. Check the Balearic Islands rate on international shipments.<\/li>\n<li><strong>Delivery time:<\/strong> We commit to process and deliver your order within 1 to 3 working days within mainland Spain.<\/li>\n<\/ol>\n<h2>International and Balearic shipping rates<\/h2>\n<ol>\n<li><strong>Rates and conditions:<\/strong> International shipments are made with the company <a href=\"https:\/\/cargowine.com.es\/index.php\" target=\"_blank\" rel=\"noopener\">Cargowine International Delivery<\/a>. Below you can consult the specific rates and conditions for each destination: International and Balearic Islands.<\/li>\n<li><strong>Activation and tracking:<\/strong> Cargowine International Delivery will send you an email to activate shipping and a tracking number so you can track your order: warehouse pickup, warehouse receipt, ready for shipping and delivery.<\/li>\n<\/ol>\n<p>&nbsp;<\/p>\n<ul>\n<li><a href=\"https:\/\/cavaguilera.com\/wp-content\/uploads\/2026\/03\/UE-BCN-ALL-IN-international-wine-shipping-2026-compressed.pdf\" target=\"_blank\" rel=\"noopener\">European Union and Balearic Islands<\/a><\/li>\n<li><a href=\"https:\/\/cavaguilera.com\/wp-content\/uploads\/2026\/03\/UK-international-wine-shipping-2026-compressed.pdf\" target=\"_blank\" rel=\"noopener\">United Kingdom<\/a><\/li>\n<li><a href=\"https:\/\/cavaguilera.com\/wp-content\/uploads\/2026\/03\/SWITZERLAND-international-wine-shipping-2026-compressed.pdf\" target=\"_blank\" rel=\"noopener\">Switzerland<\/a><\/li>\n<li><a href=\"https:\/\/cavaguilera.com\/wp-content\/uploads\/2026\/03\/NORWAY-international-wine-shipping-2026-compressed.pdf\" target=\"_blank\" rel=\"noopener\">Norway<\/a><\/li>\n<li><a href=\"https:\/\/cavaguilera.com\/wp-content\/uploads\/2026\/03\/USA-international-wine-shipping-2026-compressed.pdf\" target=\"_blank\" rel=\"noopener\">USA<\/a><\/li>\n<li><a href=\"https:\/\/cavaguilera.com\/wp-content\/uploads\/2026\/03\/AUSTRALIA-international-wine-shipping-2026-compressed.pdf\" target=\"_blank\" rel=\"noopener\">Australia<\/a><\/li>\n<li><a href=\"https:\/\/cavaguilera.com\/wp-content\/uploads\/2026\/03\/SOUTH-KOREA-international-wine-shipping-2026-compressed.pdf\" target=\"_blank\" rel=\"noopener\">South Korea<\/a><\/li>\n<li><a href=\"https:\/\/cavaguilera.com\/wp-content\/uploads\/2026\/03\/HONG-KONG-international-wine-shipping-2026-compressed.pdf\" target=\"_blank\" rel=\"noopener\">Hong Kong<\/a><\/li>\n<li><a href=\"https:\/\/cavaguilera.com\/wp-content\/uploads\/2026\/03\/JAPAN-international-wine-shipping-2026-compressed.pdf\" target=\"_blank\" rel=\"noopener\">Japan<\/a><\/li>\n<li><a href=\"https:\/\/cavaguilera.com\/wp-content\/uploads\/2026\/03\/SINGAPORE-international-wine-shipping-2026-compressed.pdf\" target=\"_blank\" rel=\"noopener\">Singapore<\/a><\/li>\n<\/ul>\n<h2>Return policy<\/h2>\n<p>If for any reason you are not satisfied with your order, <a href=\"https:\/\/cavaguilera.com\/en\/where-we-are\/\">contact us<\/a> immediately. We are here to help you and solve any problem. If you have any questions or need more information about our delivery rates, please do not hesitate to contact us.<\/p>","protected":false},"excerpt":{"rendered":"<p>En Cava Guilera, nos esforzamos por brindar un servicio de entrega de calidad para que disfrutes de nuestros cavas de larga crianza en la comodidad de tu hogar. A continuaci\u00f3n, detallamos nuestros t\u00e9rminos de entrega. Env\u00edo gratuito en la Espa\u00f1a peninsular Env\u00edo gratuito: Ofrecemos env\u00edo gratuito para todos los pedidos en la Espa\u00f1a peninsular. Consulta [&hellip;]<\/p>\n","protected":false},"author":10000185,"featured_media":0,"parent":0,"menu_order":0,"comment_status":"closed","ping_status":"closed","template":"","meta":{"_acf_changed":false,"footnotes":""},"class_list":["post-23541","page","type-page","status-publish","hentry"],"acf":[],"_links":{"self":[{"href":"https:\/\/cavaguilera.com\/en\/wp-json\/wp\/v2\/pages\/23541","targetHints":{"allow":["GET"]}}],"collection":[{"href":"https:\/\/cavaguilera.com\/en\/wp-json\/wp\/v2\/pages"}],"about":[{"href":"https:\/\/cavaguilera.com\/en\/wp-json\/wp\/v2\/types\/page"}],"author":[{"embeddable":true,"href":"https:\/\/cavaguilera.com\/en\/wp-json\/wp\/v2\/users\/10000185"}],"replies":[{"embeddable":true,"href":"https:\/\/cavaguilera.com\/en\/wp-json\/wp\/v2\/comments?post=23541"}],"version-history":[{"count":3,"href":"https:\/\/cavaguilera.com\/en\/wp-json\/wp\/v2\/pages\/23541\/revisions"}],"predecessor-version":[{"id":29221,"href":"https:\/\/cavaguilera.com\/en\/wp-json\/wp\/v2\/pages\/23541\/revisions\/29221"}],"wp:attachment":[{"href":"https:\/\/cavaguilera.com\/en\/wp-json\/wp\/v2\/media?parent=23541"}],"curies":[{"name":"wp","href":"https:\/\/api.w.org\/{rel}","templated":true}]}}