{"id":970,"date":"2018-11-02T15:01:05","date_gmt":"2018-11-02T15:01:05","guid":{"rendered":"http:\/\/cavaguilera.com\/?page_id=970"},"modified":"2018-11-03T10:16:18","modified_gmt":"2018-11-03T10:16:18","slug":"data-protection","status":"publish","type":"page","link":"https:\/\/cavaguilera.com\/en\/proteccion-de-datos\/","title":{"rendered":"Data Protection"},"content":{"rendered":"<h2>Data Protection Information of Heretat Guilera SL<\/h2>\n<p>Purposes: Sending our commercial newsletter and informative and advertising communications about our products or services that are of interest to you, including by electronic means. Legitimation: Consent of the interested party. Recipients: No transfer of data to third parties is foreseen, except legal obligation. Rights: You can withdraw your consent at any time, as well as access, rectify, delete your data and other rights at info@cavaguilera.com. Additional Information: You can expand the information in the link <a href=\"http:\/\/cavaguilera.com\/en\/website-conditions\/\">Legal notices<\/a>.<\/p>","protected":false},"excerpt":{"rendered":"<p>Informaci\u00f3n de Protecci\u00f3n de Datos de Heretat Guilera S.L. Finalidades: Env\u00edo de nuestro bolet\u00edn comercial y de comunicaciones informativas y publicitarias sobre nuestros productos o servicios que sean de su inter\u00e9s, incluso por medios electr\u00f3nicos. Legitimaci\u00f3n: Consentimiento del interesado. Destinatarios: No est\u00e1n previstas cesiones de datos a terceros, salvo obligaci\u00f3n legal. Derechos: Puede retirar su [&hellip;]<\/p>\n","protected":false},"author":5,"featured_media":0,"parent":0,"menu_order":0,"comment_status":"closed","ping_status":"closed","template":"","meta":{"_acf_changed":false,"footnotes":""},"class_list":["post-970","page","type-page","status-publish","hentry"],"acf":[],"_links":{"self":[{"href":"https:\/\/cavaguilera.com\/en\/wp-json\/wp\/v2\/pages\/970","targetHints":{"allow":["GET"]}}],"collection":[{"href":"https:\/\/cavaguilera.com\/en\/wp-json\/wp\/v2\/pages"}],"about":[{"href":"https:\/\/cavaguilera.com\/en\/wp-json\/wp\/v2\/types\/page"}],"author":[{"embeddable":true,"href":"https:\/\/cavaguilera.com\/en\/wp-json\/wp\/v2\/users\/5"}],"replies":[{"embeddable":true,"href":"https:\/\/cavaguilera.com\/en\/wp-json\/wp\/v2\/comments?post=970"}],"version-history":[{"count":0,"href":"https:\/\/cavaguilera.com\/en\/wp-json\/wp\/v2\/pages\/970\/revisions"}],"wp:attachment":[{"href":"https:\/\/cavaguilera.com\/en\/wp-json\/wp\/v2\/media?parent=970"}],"curies":[{"name":"wp","href":"https:\/\/api.w.org\/{rel}","templated":true}]}}